{"id":205,"date":"2021-05-15T19:45:55","date_gmt":"2021-05-15T19:45:55","guid":{"rendered":"http:\/\/wurbex.com.pl\/ckz\/?page_id=205"},"modified":"2026-04-08T18:20:49","modified_gmt":"2026-04-08T18:20:49","slug":"pobierz","status":"publish","type":"page","link":"https:\/\/wurbex.com.pl\/ckz\/pobierz\/","title":{"rendered":"Pobierz"},"content":{"rendered":"\n<p><strong>FORMULARZ REKLAMACJI <\/strong><\/p>\n\n\n<a class=\"download-link\" title=\"\" href=\"https:\/\/wurbex.com.pl\/ckz\/download\/1949\/\" rel=\"nofollow\">\n\tFORMULARZ REKLAMACJI\t(7 pobra\u0144)\n<\/a>\n\n\n\n<div style=\"height:25px\" aria-hidden=\"true\" class=\"wp-block-spacer\"><\/div>\n\n\n\n<p><strong>KARTY UCZESTNICTWA <\/strong><\/p>\n\n\n<a class=\"download-link\" title=\"\" href=\"https:\/\/wurbex.com.pl\/ckz\/download\/948\/\" rel=\"nofollow\">\n\tKarta uczestnictwa w kursie\t(277 pobra\u0144)\n<\/a>\n\n\n\n<hr class=\"wp-block-separator\"\/>\n\n\n\n<p><strong>Kursy BHP &#8211; karty uczestnictwa<\/strong><\/p>\n\n\n<a class=\"download-link\" title=\"\" href=\"https:\/\/wurbex.com.pl\/ckz\/download\/963\/\" rel=\"nofollow\">\n\tKarta uczestnictwa BHP wst\u0119pne\t(262 pobrania)\n<\/a>\n\n\n\n<p><\/p>\n\n\n<a class=\"download-link\" title=\"\" href=\"https:\/\/wurbex.com.pl\/ckz\/download\/960\/\" rel=\"nofollow\">\n\tKarta uczestnictwa BHP dla pracownik\u00f3w zatrudnionych na stanowiskach robotniczych\t(283 pobrania)\n<\/a>\n\n\n\n<p><\/p>\n\n\n<a class=\"download-link\" title=\"\" href=\"https:\/\/wurbex.com.pl\/ckz\/download\/951\/\" rel=\"nofollow\">\n\tKarta uczestnictwa BHP dla pracodawc\u00f3w i innych os\u00f3b kieruj\u0105cych pracownikami\t(277 pobra\u0144)\n<\/a>\n\n\n\n<p><\/p>\n\n\n<a class=\"download-link\" title=\"\" href=\"https:\/\/wurbex.com.pl\/ckz\/download\/954\/\" rel=\"nofollow\">\n\tKarta uczestnictwa BHP dla pracownik\u00f3w administracyjno-biurowych\t(262 pobrania)\n<\/a>\n\n\n\n<p><\/p>\n\n\n<a class=\"download-link\" title=\"\" href=\"https:\/\/wurbex.com.pl\/ckz\/download\/957\/\" rel=\"nofollow\">\n\tKarta uczestnictwa BHP dla pracownik\u00f3w in\u017cynieryjno-technicznych\t(247 pobra\u0144)\n<\/a>\n\n\n\n<hr class=\"wp-block-separator\"\/>\n\n\n\n<p><strong>Karty uczestnictwa UTB<\/strong><\/p>\n\n\n<a class=\"download-link\" title=\"\" href=\"https:\/\/wurbex.com.pl\/ckz\/download\/968\/\" rel=\"nofollow\">\n\tD\u017awigi budowlane\t(255 pobra\u0144)\n<\/a>\n\n\n\n<p><\/p>\n\n\n<a class=\"download-link\" title=\"\" href=\"https:\/\/wurbex.com.pl\/ckz\/download\/971\/\" rel=\"nofollow\">\n\tD\u017awigi towarowo - osobowe\t(271 pobra\u0144)\n<\/a>\n\n\n\n<p><\/p>\n\n\n<a class=\"download-link\" title=\"\" href=\"https:\/\/wurbex.com.pl\/ckz\/download\/974\/\" rel=\"nofollow\">\n\tNape\u0142nianie zbiornik\u00f3w ci\u015bnieniowych\t(249 pobra\u0144)\n<\/a>\n\n\n\n<p><\/p>\n\n\n<a class=\"download-link\" title=\"\" href=\"https:\/\/wurbex.com.pl\/ckz\/download\/977\/\" rel=\"nofollow\">\n\tPodesty ruchome przejezdne\t(286 pobra\u0144)\n<\/a>\n\n\n\n<p><\/p>\n\n\n<a class=\"download-link\" title=\"\" href=\"https:\/\/wurbex.com.pl\/ckz\/download\/980\/\" rel=\"nofollow\">\n\tPodesty ruchome stacjonarne\t(280 pobra\u0144)\n<\/a>\n\n\n\n<p><\/p>\n\n\n<a class=\"download-link\" title=\"\" href=\"https:\/\/wurbex.com.pl\/ckz\/download\/983\/\" rel=\"nofollow\">\n\tSuwnica og\u00f3lnego oraz specjalnego przeznaczenia\t(244 pobrania)\n<\/a>\n\n\n\n<p><\/p>\n\n\n<a class=\"download-link\" title=\"\" href=\"https:\/\/wurbex.com.pl\/ckz\/download\/986\/\" rel=\"nofollow\">\n\tSuwnica og\u00f3lnego przeznaczenia\t(230 pobra\u0144)\n<\/a>\n\n\n\n<p><\/p>\n\n\n<a class=\"download-link\" title=\"\" href=\"https:\/\/wurbex.com.pl\/ckz\/download\/989\/\" rel=\"nofollow\">\n\tWci\u0105gniki i wci\u0105garki og\u00f3lnego oraz specjalnego przeznaczenia\t(108 pobra\u0144)\n<\/a>\n\n\n\n<p><\/p>\n\n\n<a class=\"download-link\" title=\"\" href=\"https:\/\/wurbex.com.pl\/ckz\/download\/992\/\" rel=\"nofollow\">\n\tWci\u0105gniki i wci\u0105garki og\u00f3lnego przeznaczenia\t(280 pobra\u0144)\n<\/a>\n\n\n\n<p><\/p>\n\n\n<a class=\"download-link\" title=\"\" href=\"https:\/\/wurbex.com.pl\/ckz\/download\/995\/\" rel=\"nofollow\">\n\tW\u00f3zki jezdniowe podno\u015bnikowe specjalizowane\t(262 pobrania)\n<\/a>\n\n\n\n<p><\/p>\n\n\n<a class=\"download-link\" title=\"\" href=\"https:\/\/wurbex.com.pl\/ckz\/download\/998\/\" rel=\"nofollow\">\n\tW\u00f3zki jezdniowe podno\u015bnikowe z wy\u0142\u0105czeniem specjalizowanych\t(262 pobrania)\n<\/a>\n\n\n\n<p><\/p>\n\n\n<a class=\"download-link\" title=\"\" href=\"https:\/\/wurbex.com.pl\/ckz\/download\/1001\/\" rel=\"nofollow\">\n\tWyci\u0105gi towarowe\t(265 pobra\u0144)\n<\/a>\n\n\n\n<p><\/p>\n\n\n<a class=\"download-link\" title=\"\" href=\"https:\/\/wurbex.com.pl\/ckz\/download\/1004\/\" rel=\"nofollow\">\n\t\u017burawie przewo\u017ane i przeno\u015bne (HDS)\t(264 pobrania)\n<\/a>\n\n\n\n<p><\/p>\n\n\n<a class=\"download-link\" title=\"\" href=\"https:\/\/wurbex.com.pl\/ckz\/download\/1007\/\" rel=\"nofollow\">\n\t\u017burawie samojezdne\t(240 pobra\u0144)\n<\/a>\n\n\n\n<p><\/p>\n\n\n<a class=\"download-link\" title=\"\" href=\"https:\/\/wurbex.com.pl\/ckz\/download\/1010\/\" rel=\"nofollow\">\n\t\u017burawie stacjonarne\t(256 pobra\u0144)\n<\/a>\n\n\n\n<p><\/p>\n\n\n<a class=\"download-link\" title=\"\" href=\"https:\/\/wurbex.com.pl\/ckz\/download\/1013\/\" rel=\"nofollow\">\n\t\u017burawie szynowe\t(348 pobra\u0144)\n<\/a>\n\n\n\n<p><\/p>\n\n\n<a class=\"download-link\" title=\"\" href=\"https:\/\/wurbex.com.pl\/ckz\/download\/1016\/\" rel=\"nofollow\">\n\t\u017burawie wie\u017cowe i szybkomontuj\u0105ce\t(260 pobra\u0144)\n<\/a>\n\n\n\n<p><\/p>\n\n\n\n<p><strong><span class=\"has-inline-color has-luminous-vivid-orange-color\">UWAGA! Prosz\u0119 podkre\u015bli\u0107, czy wniosek dotyczy obs\u0142ugi czy konserwacji urz\u0105dzenia<\/span><\/strong><\/p>\n\n\n\n<hr class=\"wp-block-separator\"\/>\n\n\n<a class=\"download-link\" title=\"\" href=\"https:\/\/wurbex.com.pl\/ckz\/download\/684\/\" rel=\"nofollow\">\n\tPe\u0142nomocnictwo do UDT\t(275 pobra\u0144)\n<\/a>\n\n\n\n<hr class=\"wp-block-separator\"\/>\n\n\n\n<p><strong>ELEKTRYCY SEP<\/strong><br><strong>Grupa G1<\/strong> Uprawnienia E, D<\/p>\n\n\n\n<p><a class=\"download-link\" title=\"\" href=\"https:\/\/wurbex.com.pl\/ckz\/download\/1021\/\" rel=\"nofollow\">\n\tGrupa 1 Doz\u00f3r\t(283 pobrania)\n<\/a><br><a class=\"download-link\" title=\"\" href=\"https:\/\/wurbex.com.pl\/ckz\/download\/1024\/\" rel=\"nofollow\">\n\tGrupa 1 Eksploatacja\t(268 pobra\u0144)\n<\/a><\/p>\n\n\n\n<p><strong>Grupa G2<\/strong><br>1. dla palaczy co<br>2. dla os\u00f3b obs\u0142uguj\u0105cych spr\u0119\u017carki, pompy, wentylacje, klimatyzacje oraz inne.<br>Uprawnienia E, D<\/p>\n\n\n\n<p><a class=\"download-link\" title=\"\" href=\"https:\/\/wurbex.com.pl\/ckz\/download\/1028\/\" rel=\"nofollow\">\n\tGrupa 2 Doz\u00f3r\t(250 pobra\u0144)\n<\/a><br><a class=\"download-link\" title=\"\" href=\"https:\/\/wurbex.com.pl\/ckz\/download\/1031\/\" rel=\"nofollow\">\n\tGrupa 2 Eksploatacja\t(243 pobrania)\n<\/a><\/p>\n\n\n\n<p><strong>Grupa G3<\/strong><br>Urz\u0105dzenia, instalacje i sieci gazowe<br>Uprawnienia: E, D<\/p>\n\n\n\n<p> <a class=\"download-link\" title=\"\" href=\"https:\/\/wurbex.com.pl\/ckz\/download\/1034\/\" rel=\"nofollow\">\n\tGrupa 3 Doz\u00f3r\t(246 pobra\u0144)\n<\/a><br> <a class=\"download-link\" title=\"\" href=\"https:\/\/wurbex.com.pl\/ckz\/download\/1037\/\" rel=\"nofollow\">\n\tGrupa 3 Eksploatacja\t(244 pobrania)\n<\/a><\/p>\n","protected":false},"excerpt":{"rendered":"<p>FORMULARZ REKLAMACJI KARTY UCZESTNICTWA Kursy BHP &#8211; karty uczestnictwa Karty uczestnictwa UTB UWAGA! Prosz\u0119 podkre\u015bli\u0107, czy wniosek dotyczy obs\u0142ugi czy konserwacji urz\u0105dzenia ELEKTRYCY SEPGrupa G1 Uprawnienia E, D Grupa G21. dla palaczy co2. dla os\u00f3b obs\u0142uguj\u0105cych spr\u0119\u017carki, pompy, wentylacje, klimatyzacje oraz inne.Uprawnienia E, D Grupa G3Urz\u0105dzenia, instalacje i sieci gazoweUprawnienia: E, D<\/p>\n","protected":false},"author":1,"featured_media":0,"parent":0,"menu_order":0,"comment_status":"closed","ping_status":"closed","template":"","meta":{"spay_email":""},"yoast_head":"<!-- This site is optimized with the Yoast SEO plugin v18.8 - https:\/\/yoast.com\/wordpress\/plugins\/seo\/ -->\n<title>Pobierz - WURBEX CKZ<\/title>\n<meta name=\"robots\" content=\"index, follow, max-snippet:-1, max-image-preview:large, max-video-preview:-1\" \/>\n<link rel=\"canonical\" href=\"https:\/\/wurbex.com.pl\/ckz\/pobierz\/\" \/>\n<meta property=\"og:locale\" content=\"pl_PL\" \/>\n<meta property=\"og:type\" content=\"article\" \/>\n<meta property=\"og:title\" content=\"Pobierz - WURBEX CKZ\" \/>\n<meta property=\"og:description\" content=\"FORMULARZ REKLAMACJI KARTY UCZESTNICTWA Kursy BHP &#8211; karty uczestnictwa Karty uczestnictwa UTB UWAGA! Prosz\u0119 podkre\u015bli\u0107, czy wniosek dotyczy obs\u0142ugi czy konserwacji urz\u0105dzenia ELEKTRYCY SEPGrupa G1 Uprawnienia E, D Grupa G21. dla palaczy co2. dla os\u00f3b obs\u0142uguj\u0105cych spr\u0119\u017carki, pompy, wentylacje, klimatyzacje oraz inne.Uprawnienia E, D Grupa G3Urz\u0105dzenia, instalacje i sieci gazoweUprawnienia: E, D\" \/>\n<meta property=\"og:url\" content=\"https:\/\/wurbex.com.pl\/ckz\/pobierz\/\" \/>\n<meta property=\"og:site_name\" content=\"WURBEX CKZ\" \/>\n<meta property=\"article:publisher\" content=\"https:\/\/www.facebook.com\/wurbex.ckz\" \/>\n<meta property=\"article:modified_time\" content=\"2026-04-08T18:20:49+00:00\" \/>\n<meta name=\"twitter:card\" content=\"summary_large_image\" \/>\n<meta name=\"twitter:label1\" content=\"Szacowany czas czytania\" \/>\n\t<meta name=\"twitter:data1\" content=\"1 minuta\" \/>\n<script type=\"application\/ld+json\" class=\"yoast-schema-graph\">{\"@context\":\"https:\/\/schema.org\",\"@graph\":[{\"@type\":\"Organization\",\"@id\":\"https:\/\/wurbex.com.pl\/ckz\/#organization\",\"name\":\"Centrum Kszta\u0142cenia Zawodowego WURBEX\",\"url\":\"https:\/\/wurbex.com.pl\/ckz\/\",\"sameAs\":[\"https:\/\/www.facebook.com\/wurbex.ckz\"],\"logo\":{\"@type\":\"ImageObject\",\"inLanguage\":\"pl-PL\",\"@id\":\"https:\/\/wurbex.com.pl\/ckz\/#\/schema\/logo\/image\/\",\"url\":\"https:\/\/wurbex.com.pl\/ckz\/wp-content\/uploads\/2022\/04\/LOGO-BEZ-TLA.png\",\"contentUrl\":\"https:\/\/wurbex.com.pl\/ckz\/wp-content\/uploads\/2022\/04\/LOGO-BEZ-TLA.png\",\"width\":500,\"height\":500,\"caption\":\"Centrum Kszta\u0142cenia Zawodowego WURBEX\"},\"image\":{\"@id\":\"https:\/\/wurbex.com.pl\/ckz\/#\/schema\/logo\/image\/\"}},{\"@type\":\"WebSite\",\"@id\":\"https:\/\/wurbex.com.pl\/ckz\/#website\",\"url\":\"https:\/\/wurbex.com.pl\/ckz\/\",\"name\":\"WURBEX CKZ\",\"description\":\"Centrum Kszta\u0142cenia Zawodowego WURBEX Wadowice\",\"publisher\":{\"@id\":\"https:\/\/wurbex.com.pl\/ckz\/#organization\"},\"potentialAction\":[{\"@type\":\"SearchAction\",\"target\":{\"@type\":\"EntryPoint\",\"urlTemplate\":\"https:\/\/wurbex.com.pl\/ckz\/?s={search_term_string}\"},\"query-input\":\"required name=search_term_string\"}],\"inLanguage\":\"pl-PL\"},{\"@type\":\"WebPage\",\"@id\":\"https:\/\/wurbex.com.pl\/ckz\/pobierz\/#webpage\",\"url\":\"https:\/\/wurbex.com.pl\/ckz\/pobierz\/\",\"name\":\"Pobierz - WURBEX CKZ\",\"isPartOf\":{\"@id\":\"https:\/\/wurbex.com.pl\/ckz\/#website\"},\"datePublished\":\"2021-05-15T19:45:55+00:00\",\"dateModified\":\"2026-04-08T18:20:49+00:00\",\"breadcrumb\":{\"@id\":\"https:\/\/wurbex.com.pl\/ckz\/pobierz\/#breadcrumb\"},\"inLanguage\":\"pl-PL\",\"potentialAction\":[{\"@type\":\"ReadAction\",\"target\":[\"https:\/\/wurbex.com.pl\/ckz\/pobierz\/\"]}]},{\"@type\":\"BreadcrumbList\",\"@id\":\"https:\/\/wurbex.com.pl\/ckz\/pobierz\/#breadcrumb\",\"itemListElement\":[{\"@type\":\"ListItem\",\"position\":1,\"name\":\"Strona g\u0142\u00f3wna\",\"item\":\"https:\/\/wurbex.com.pl\/ckz\/\"},{\"@type\":\"ListItem\",\"position\":2,\"name\":\"Pobierz\"}]}]}<\/script>\n<!-- \/ Yoast SEO plugin. -->","yoast_head_json":{"title":"Pobierz - WURBEX CKZ","robots":{"index":"index","follow":"follow","max-snippet":"max-snippet:-1","max-image-preview":"max-image-preview:large","max-video-preview":"max-video-preview:-1"},"canonical":"https:\/\/wurbex.com.pl\/ckz\/pobierz\/","og_locale":"pl_PL","og_type":"article","og_title":"Pobierz - WURBEX CKZ","og_description":"FORMULARZ REKLAMACJI KARTY UCZESTNICTWA Kursy BHP &#8211; karty uczestnictwa Karty uczestnictwa UTB UWAGA! Prosz\u0119 podkre\u015bli\u0107, czy wniosek dotyczy obs\u0142ugi czy konserwacji urz\u0105dzenia ELEKTRYCY SEPGrupa G1 Uprawnienia E, D Grupa G21. dla palaczy co2. dla os\u00f3b obs\u0142uguj\u0105cych spr\u0119\u017carki, pompy, wentylacje, klimatyzacje oraz inne.Uprawnienia E, D Grupa G3Urz\u0105dzenia, instalacje i sieci gazoweUprawnienia: E, D","og_url":"https:\/\/wurbex.com.pl\/ckz\/pobierz\/","og_site_name":"WURBEX CKZ","article_publisher":"https:\/\/www.facebook.com\/wurbex.ckz","article_modified_time":"2026-04-08T18:20:49+00:00","twitter_card":"summary_large_image","twitter_misc":{"Szacowany czas czytania":"1 minuta"},"schema":{"@context":"https:\/\/schema.org","@graph":[{"@type":"Organization","@id":"https:\/\/wurbex.com.pl\/ckz\/#organization","name":"Centrum Kszta\u0142cenia Zawodowego WURBEX","url":"https:\/\/wurbex.com.pl\/ckz\/","sameAs":["https:\/\/www.facebook.com\/wurbex.ckz"],"logo":{"@type":"ImageObject","inLanguage":"pl-PL","@id":"https:\/\/wurbex.com.pl\/ckz\/#\/schema\/logo\/image\/","url":"https:\/\/wurbex.com.pl\/ckz\/wp-content\/uploads\/2022\/04\/LOGO-BEZ-TLA.png","contentUrl":"https:\/\/wurbex.com.pl\/ckz\/wp-content\/uploads\/2022\/04\/LOGO-BEZ-TLA.png","width":500,"height":500,"caption":"Centrum Kszta\u0142cenia Zawodowego WURBEX"},"image":{"@id":"https:\/\/wurbex.com.pl\/ckz\/#\/schema\/logo\/image\/"}},{"@type":"WebSite","@id":"https:\/\/wurbex.com.pl\/ckz\/#website","url":"https:\/\/wurbex.com.pl\/ckz\/","name":"WURBEX CKZ","description":"Centrum Kszta\u0142cenia Zawodowego WURBEX Wadowice","publisher":{"@id":"https:\/\/wurbex.com.pl\/ckz\/#organization"},"potentialAction":[{"@type":"SearchAction","target":{"@type":"EntryPoint","urlTemplate":"https:\/\/wurbex.com.pl\/ckz\/?s={search_term_string}"},"query-input":"required name=search_term_string"}],"inLanguage":"pl-PL"},{"@type":"WebPage","@id":"https:\/\/wurbex.com.pl\/ckz\/pobierz\/#webpage","url":"https:\/\/wurbex.com.pl\/ckz\/pobierz\/","name":"Pobierz - WURBEX CKZ","isPartOf":{"@id":"https:\/\/wurbex.com.pl\/ckz\/#website"},"datePublished":"2021-05-15T19:45:55+00:00","dateModified":"2026-04-08T18:20:49+00:00","breadcrumb":{"@id":"https:\/\/wurbex.com.pl\/ckz\/pobierz\/#breadcrumb"},"inLanguage":"pl-PL","potentialAction":[{"@type":"ReadAction","target":["https:\/\/wurbex.com.pl\/ckz\/pobierz\/"]}]},{"@type":"BreadcrumbList","@id":"https:\/\/wurbex.com.pl\/ckz\/pobierz\/#breadcrumb","itemListElement":[{"@type":"ListItem","position":1,"name":"Strona g\u0142\u00f3wna","item":"https:\/\/wurbex.com.pl\/ckz\/"},{"@type":"ListItem","position":2,"name":"Pobierz"}]}]}},"_links":{"self":[{"href":"https:\/\/wurbex.com.pl\/ckz\/wp-json\/wp\/v2\/pages\/205"}],"collection":[{"href":"https:\/\/wurbex.com.pl\/ckz\/wp-json\/wp\/v2\/pages"}],"about":[{"href":"https:\/\/wurbex.com.pl\/ckz\/wp-json\/wp\/v2\/types\/page"}],"author":[{"embeddable":true,"href":"https:\/\/wurbex.com.pl\/ckz\/wp-json\/wp\/v2\/users\/1"}],"replies":[{"embeddable":true,"href":"https:\/\/wurbex.com.pl\/ckz\/wp-json\/wp\/v2\/comments?post=205"}],"version-history":[{"count":44,"href":"https:\/\/wurbex.com.pl\/ckz\/wp-json\/wp\/v2\/pages\/205\/revisions"}],"predecessor-version":[{"id":1952,"href":"https:\/\/wurbex.com.pl\/ckz\/wp-json\/wp\/v2\/pages\/205\/revisions\/1952"}],"wp:attachment":[{"href":"https:\/\/wurbex.com.pl\/ckz\/wp-json\/wp\/v2\/media?parent=205"}],"curies":[{"name":"wp","href":"https:\/\/api.w.org\/{rel}","templated":true}]}}