{"id":365,"date":"2021-05-20T06:42:32","date_gmt":"2021-05-20T06:42:32","guid":{"rendered":"http:\/\/wurbex.com.pl\/ckz\/?page_id=365"},"modified":"2021-06-09T17:19:56","modified_gmt":"2021-06-09T17:19:56","slug":"o-firmie","status":"publish","type":"page","link":"https:\/\/wurbex.com.pl\/ckz\/o-firmie\/","title":{"rendered":"O firmie"},"content":{"rendered":"\n<p><strong>Centrum Kszta\u0142cenia Zawodowego \u201eWURBEX\u201d powsta\u0142o w 2001 roku.<\/strong> G\u0142\u00f3wnym celem Centrum jest organizowanie i prowadzenie szkole\u0144\/ kurs\u00f3w w pozaszkolnych formach kszta\u0142cenia ustawicznego os\u00f3b doros\u0142ych. Prowadzimy szkolenia zawodowe, szkolenia mi\u0119kkie i szkolenia biznesowe. W naszej ofercie znajdziecie Pa\u0144stwo ok. 50 propozycji r\u00f3\u017cnych kurs\u00f3w \/ szkole\u0144. Oferta nasza skierowana jest zar\u00f3wno do du\u017cych jak i ma\u0142ych przedsi\u0119biorstw oraz os\u00f3b prywatnych. Dwudziestoletnie do\u015bwiadczenie, jakie zdobyli\u015bmy w nie\u0142atwej bran\u017cy szkoleniowej, pozwala nam na ci\u0105g\u0142e podnoszenie poziomu naszych us\u0142ug, a co za tym idzie r\u00f3wnie\u017c zadowolenia naszych klient\u00f3w. Zale\u017cy nam na budowaniu d\u0142ugotrwa\u0142ych relacji z naszymi klientami.<\/p>\n\n\n\n<p>PRAGNIEMY NADMIENI\u0106, \u017bE CKZ \u201eWURBEX\u201d ZAJMUJE SI\u0118 TAK\u017bE KOMPLEKSOW\u0104 OBS\u0141UG\u0104 I DORADZTWEM W ZAKRESIE BHP.<\/p>\n\n\n\n<p>Centrum posiada Akredytacj\u0119 Kuratora O\u015bwiaty oraz Wpis do Rejestru Instytucji Szkoleniowych Wojew\u00f3dzkiego Urz\u0119du Pracy w Krakowie.<\/p>\n\n\n\n<p><strong>Ponadto Centrum pos\u0142uguje si\u0119 Znakiem Jako\u015bci TGLS Quality Alliance.<\/strong><\/p>\n\n\n\n<p>Maj\u0105c nadziej\u0119, \u017ce informacje zawarte na naszych stronach przybli\u017c\u0105 Pa\u0144stwu dzia\u0142alno\u015b\u0107 CKZ \u201eWURBEX\u201d zapraszamy do zapoznania si\u0119 z tymi informacjami oraz do wsp\u00f3\u0142pracy z naszym Centrum.<\/p>\n","protected":false},"excerpt":{"rendered":"<p>Centrum Kszta\u0142cenia Zawodowego \u201eWURBEX\u201d powsta\u0142o w 2001 roku. G\u0142\u00f3wnym celem Centrum jest organizowanie i prowadzenie szkole\u0144\/ kurs\u00f3w w pozaszkolnych formach kszta\u0142cenia ustawicznego os\u00f3b doros\u0142ych. Prowadzimy szkolenia zawodowe, szkolenia mi\u0119kkie i szkolenia biznesowe. W naszej ofercie znajdziecie Pa\u0144stwo ok. 50 propozycji r\u00f3\u017cnych kurs\u00f3w \/ szkole\u0144. Oferta nasza skierowana jest zar\u00f3wno do du\u017cych jak i ma\u0142ych przedsi\u0119biorstw [&hellip;]<\/p>\n","protected":false},"author":1,"featured_media":0,"parent":0,"menu_order":0,"comment_status":"closed","ping_status":"closed","template":"","meta":{"spay_email":""},"yoast_head":"<!-- This site is optimized with the Yoast SEO plugin v18.8 - https:\/\/yoast.com\/wordpress\/plugins\/seo\/ -->\n<title>O firmie - WURBEX CKZ<\/title>\n<meta name=\"robots\" content=\"index, follow, max-snippet:-1, max-image-preview:large, max-video-preview:-1\" \/>\n<link rel=\"canonical\" href=\"https:\/\/wurbex.com.pl\/ckz\/o-firmie\/\" \/>\n<meta property=\"og:locale\" content=\"pl_PL\" \/>\n<meta property=\"og:type\" content=\"article\" \/>\n<meta property=\"og:title\" content=\"O firmie - WURBEX CKZ\" \/>\n<meta property=\"og:description\" content=\"Centrum Kszta\u0142cenia Zawodowego \u201eWURBEX\u201d powsta\u0142o w 2001 roku. G\u0142\u00f3wnym celem Centrum jest organizowanie i prowadzenie szkole\u0144\/ kurs\u00f3w w pozaszkolnych formach kszta\u0142cenia ustawicznego os\u00f3b doros\u0142ych. Prowadzimy szkolenia zawodowe, szkolenia mi\u0119kkie i szkolenia biznesowe. W naszej ofercie znajdziecie Pa\u0144stwo ok. 50 propozycji r\u00f3\u017cnych kurs\u00f3w \/ szkole\u0144. Oferta nasza skierowana jest zar\u00f3wno do du\u017cych jak i ma\u0142ych przedsi\u0119biorstw [&hellip;]\" \/>\n<meta property=\"og:url\" content=\"https:\/\/wurbex.com.pl\/ckz\/o-firmie\/\" \/>\n<meta property=\"og:site_name\" content=\"WURBEX CKZ\" \/>\n<meta property=\"article:publisher\" content=\"https:\/\/www.facebook.com\/wurbex.ckz\" \/>\n<meta property=\"article:modified_time\" content=\"2021-06-09T17:19:56+00:00\" \/>\n<meta name=\"twitter:card\" content=\"summary_large_image\" \/>\n<meta name=\"twitter:label1\" content=\"Szacowany czas czytania\" \/>\n\t<meta name=\"twitter:data1\" content=\"1 minuta\" \/>\n<script type=\"application\/ld+json\" class=\"yoast-schema-graph\">{\"@context\":\"https:\/\/schema.org\",\"@graph\":[{\"@type\":\"Organization\",\"@id\":\"https:\/\/wurbex.com.pl\/ckz\/#organization\",\"name\":\"Centrum Kszta\u0142cenia Zawodowego WURBEX\",\"url\":\"https:\/\/wurbex.com.pl\/ckz\/\",\"sameAs\":[\"https:\/\/www.facebook.com\/wurbex.ckz\"],\"logo\":{\"@type\":\"ImageObject\",\"inLanguage\":\"pl-PL\",\"@id\":\"https:\/\/wurbex.com.pl\/ckz\/#\/schema\/logo\/image\/\",\"url\":\"https:\/\/wurbex.com.pl\/ckz\/wp-content\/uploads\/2022\/04\/LOGO-BEZ-TLA.png\",\"contentUrl\":\"https:\/\/wurbex.com.pl\/ckz\/wp-content\/uploads\/2022\/04\/LOGO-BEZ-TLA.png\",\"width\":500,\"height\":500,\"caption\":\"Centrum Kszta\u0142cenia Zawodowego WURBEX\"},\"image\":{\"@id\":\"https:\/\/wurbex.com.pl\/ckz\/#\/schema\/logo\/image\/\"}},{\"@type\":\"WebSite\",\"@id\":\"https:\/\/wurbex.com.pl\/ckz\/#website\",\"url\":\"https:\/\/wurbex.com.pl\/ckz\/\",\"name\":\"WURBEX CKZ\",\"description\":\"Centrum Kszta\u0142cenia Zawodowego WURBEX Wadowice\",\"publisher\":{\"@id\":\"https:\/\/wurbex.com.pl\/ckz\/#organization\"},\"potentialAction\":[{\"@type\":\"SearchAction\",\"target\":{\"@type\":\"EntryPoint\",\"urlTemplate\":\"https:\/\/wurbex.com.pl\/ckz\/?s={search_term_string}\"},\"query-input\":\"required name=search_term_string\"}],\"inLanguage\":\"pl-PL\"},{\"@type\":\"WebPage\",\"@id\":\"https:\/\/wurbex.com.pl\/ckz\/o-firmie\/#webpage\",\"url\":\"https:\/\/wurbex.com.pl\/ckz\/o-firmie\/\",\"name\":\"O firmie - WURBEX CKZ\",\"isPartOf\":{\"@id\":\"https:\/\/wurbex.com.pl\/ckz\/#website\"},\"datePublished\":\"2021-05-20T06:42:32+00:00\",\"dateModified\":\"2021-06-09T17:19:56+00:00\",\"breadcrumb\":{\"@id\":\"https:\/\/wurbex.com.pl\/ckz\/o-firmie\/#breadcrumb\"},\"inLanguage\":\"pl-PL\",\"potentialAction\":[{\"@type\":\"ReadAction\",\"target\":[\"https:\/\/wurbex.com.pl\/ckz\/o-firmie\/\"]}]},{\"@type\":\"BreadcrumbList\",\"@id\":\"https:\/\/wurbex.com.pl\/ckz\/o-firmie\/#breadcrumb\",\"itemListElement\":[{\"@type\":\"ListItem\",\"position\":1,\"name\":\"Strona g\u0142\u00f3wna\",\"item\":\"https:\/\/wurbex.com.pl\/ckz\/\"},{\"@type\":\"ListItem\",\"position\":2,\"name\":\"O firmie\"}]}]}<\/script>\n<!-- \/ Yoast SEO plugin. -->","yoast_head_json":{"title":"O firmie - WURBEX CKZ","robots":{"index":"index","follow":"follow","max-snippet":"max-snippet:-1","max-image-preview":"max-image-preview:large","max-video-preview":"max-video-preview:-1"},"canonical":"https:\/\/wurbex.com.pl\/ckz\/o-firmie\/","og_locale":"pl_PL","og_type":"article","og_title":"O firmie - WURBEX CKZ","og_description":"Centrum Kszta\u0142cenia Zawodowego \u201eWURBEX\u201d powsta\u0142o w 2001 roku. G\u0142\u00f3wnym celem Centrum jest organizowanie i prowadzenie szkole\u0144\/ kurs\u00f3w w pozaszkolnych formach kszta\u0142cenia ustawicznego os\u00f3b doros\u0142ych. Prowadzimy szkolenia zawodowe, szkolenia mi\u0119kkie i szkolenia biznesowe. W naszej ofercie znajdziecie Pa\u0144stwo ok. 50 propozycji r\u00f3\u017cnych kurs\u00f3w \/ szkole\u0144. Oferta nasza skierowana jest zar\u00f3wno do du\u017cych jak i ma\u0142ych przedsi\u0119biorstw [&hellip;]","og_url":"https:\/\/wurbex.com.pl\/ckz\/o-firmie\/","og_site_name":"WURBEX CKZ","article_publisher":"https:\/\/www.facebook.com\/wurbex.ckz","article_modified_time":"2021-06-09T17:19:56+00:00","twitter_card":"summary_large_image","twitter_misc":{"Szacowany czas czytania":"1 minuta"},"schema":{"@context":"https:\/\/schema.org","@graph":[{"@type":"Organization","@id":"https:\/\/wurbex.com.pl\/ckz\/#organization","name":"Centrum Kszta\u0142cenia Zawodowego WURBEX","url":"https:\/\/wurbex.com.pl\/ckz\/","sameAs":["https:\/\/www.facebook.com\/wurbex.ckz"],"logo":{"@type":"ImageObject","inLanguage":"pl-PL","@id":"https:\/\/wurbex.com.pl\/ckz\/#\/schema\/logo\/image\/","url":"https:\/\/wurbex.com.pl\/ckz\/wp-content\/uploads\/2022\/04\/LOGO-BEZ-TLA.png","contentUrl":"https:\/\/wurbex.com.pl\/ckz\/wp-content\/uploads\/2022\/04\/LOGO-BEZ-TLA.png","width":500,"height":500,"caption":"Centrum Kszta\u0142cenia Zawodowego WURBEX"},"image":{"@id":"https:\/\/wurbex.com.pl\/ckz\/#\/schema\/logo\/image\/"}},{"@type":"WebSite","@id":"https:\/\/wurbex.com.pl\/ckz\/#website","url":"https:\/\/wurbex.com.pl\/ckz\/","name":"WURBEX CKZ","description":"Centrum Kszta\u0142cenia Zawodowego WURBEX Wadowice","publisher":{"@id":"https:\/\/wurbex.com.pl\/ckz\/#organization"},"potentialAction":[{"@type":"SearchAction","target":{"@type":"EntryPoint","urlTemplate":"https:\/\/wurbex.com.pl\/ckz\/?s={search_term_string}"},"query-input":"required name=search_term_string"}],"inLanguage":"pl-PL"},{"@type":"WebPage","@id":"https:\/\/wurbex.com.pl\/ckz\/o-firmie\/#webpage","url":"https:\/\/wurbex.com.pl\/ckz\/o-firmie\/","name":"O firmie - WURBEX CKZ","isPartOf":{"@id":"https:\/\/wurbex.com.pl\/ckz\/#website"},"datePublished":"2021-05-20T06:42:32+00:00","dateModified":"2021-06-09T17:19:56+00:00","breadcrumb":{"@id":"https:\/\/wurbex.com.pl\/ckz\/o-firmie\/#breadcrumb"},"inLanguage":"pl-PL","potentialAction":[{"@type":"ReadAction","target":["https:\/\/wurbex.com.pl\/ckz\/o-firmie\/"]}]},{"@type":"BreadcrumbList","@id":"https:\/\/wurbex.com.pl\/ckz\/o-firmie\/#breadcrumb","itemListElement":[{"@type":"ListItem","position":1,"name":"Strona g\u0142\u00f3wna","item":"https:\/\/wurbex.com.pl\/ckz\/"},{"@type":"ListItem","position":2,"name":"O firmie"}]}]}},"_links":{"self":[{"href":"https:\/\/wurbex.com.pl\/ckz\/wp-json\/wp\/v2\/pages\/365"}],"collection":[{"href":"https:\/\/wurbex.com.pl\/ckz\/wp-json\/wp\/v2\/pages"}],"about":[{"href":"https:\/\/wurbex.com.pl\/ckz\/wp-json\/wp\/v2\/types\/page"}],"author":[{"embeddable":true,"href":"https:\/\/wurbex.com.pl\/ckz\/wp-json\/wp\/v2\/users\/1"}],"replies":[{"embeddable":true,"href":"https:\/\/wurbex.com.pl\/ckz\/wp-json\/wp\/v2\/comments?post=365"}],"version-history":[{"count":3,"href":"https:\/\/wurbex.com.pl\/ckz\/wp-json\/wp\/v2\/pages\/365\/revisions"}],"predecessor-version":[{"id":592,"href":"https:\/\/wurbex.com.pl\/ckz\/wp-json\/wp\/v2\/pages\/365\/revisions\/592"}],"wp:attachment":[{"href":"https:\/\/wurbex.com.pl\/ckz\/wp-json\/wp\/v2\/media?parent=365"}],"curies":[{"name":"wp","href":"https:\/\/api.w.org\/{rel}","templated":true}]}}