{"id":370,"date":"2021-05-20T06:51:47","date_gmt":"2021-05-20T06:51:47","guid":{"rendered":"http:\/\/wurbex.com.pl\/ckz\/?page_id=370"},"modified":"2024-03-06T10:07:09","modified_gmt":"2024-03-06T10:07:09","slug":"polityka-prywatnosci-rodo","status":"publish","type":"page","link":"https:\/\/wurbex.com.pl\/ckz\/polityka-prywatnosci-rodo\/","title":{"rendered":"Polityka prywatno\u015bci &#8211; RODO"},"content":{"rendered":"\n<p class=\"has-text-align-right\">Wadowice, dnia 25.05.2018 r.<\/p>\n\n\n\n<p>Centrum Kszta\u0142cenia Zawodowego WURBEX<br>Bo\u017cena Palarczyk &#8211; K\u0142obuch<br>ul. Wojska Polskiego 2 b, 34-100 Wadowice<\/p>\n\n\n\n<p class=\"has-text-align-center\"><strong>POLITYKA PRYWATNO\u015aCI<\/strong><\/p>\n\n\n\n<p class=\"has-text-align-left\">Szanowni Pa\u0144stwo<br>z dniem 25 maja 2018 roku wesz\u0142o w \u017cycie Rozporz\u0105dzenie Parlamentu Europejskiego i Rady (UE) 2016\/679 z dnia 27 kwietnia 2016 r. w sprawie ochrony os\u00f3b fizycznych w zwi\u0105zku z przetwarzaniem danych osobowych i w sprawie swobodnego przep\u0142ywu takich danych oraz uchylenia dyrektywy 95\/46\/WE (og\u00f3lne rozporz\u0105dzenie o ochronie danych osobowych) \u2013 zwane dalej \u201eRODO\u201d.<br>Mamy nadziej\u0119, \u017ce przedstawione poni\u017cej informacje upewni\u0105 Pa\u0144stwa, \u017ce powierzane nam dane osobowe s\u0105 dobrze zabezpieczone, a ich przetwarzanie odbywa si\u0119 w \u015bci\u015ble ograniczonym, uzasadnionym prawem zakresie.<\/p>\n\n\n\n<p>1. <strong>ADMINISTRATOR DANYCH OSOBOWYCH<\/strong><br><br>Administratorem Pana \/ Pani danych osobowych jest Centrum Kszta\u0142cenia Zawodowego WURBEX Bo\u017cena Palarczyk \u2013 K\u0142obuch, ul. Wojska Polskiego 2b, 34 \u2013 100 Wadowice.<br>Podanie danych osobowych odbywa si\u0119 na zasadzie dobrowolno\u015bci, jednak\u017ce odmowa podania danych mo\u017ce uniemo\u017cliwi\u0107 zawarcie i realizacj\u0119 um\u00f3w.<\/p>\n\n\n\n<p>2 .<strong>ZAKRES I CEL PRZETWARZANIA DANYCH<\/strong><br><br>CKZ \u201eWurbex\u201d przetwarza nast\u0119puj\u0105ce kategorie danych:<\/p>\n\n\n\n<ol><li>dane kontaktowe : imi\u0119 i nazwisko, adres e-maila, nr telefonu, stanowisko,<\/li><li>dane wymagane odr\u0119bnymi przepisami do wystawienia za\u015bwiadcze\u0144,certyfikat\u00f3w<\/li><li>dane wymagane do identyfikacji na potrzeby zawarcia umowy, wykonania us\u0142ugi i wystawienia faktury<\/li><li>w celu marketingu produkt\u00f3w i us\u0142ug Administratora \u2013 przekazywanie klientom informacji i ofert dotycz\u0105cych naszych produkt\u00f3w (prawnie uzasadniony interes administratora danych), z poszanowaniem innych reguluj\u0105cych te czynno\u015bci przepis\u00f3w prawa.<\/li><\/ol>\n\n\n\n<p><strong>CKZ \u201eWurbex\u201d przetwarza Pa\u0144stwa dane w nast\u0119puj\u0105cych celach:<\/strong><\/p>\n\n\n\n<figure class=\"wp-block-table\"><table><tbody><tr><td><strong>Dane kt\u00f3re mog\u0105 by\u0107 przetwarzane:<\/strong><\/td><td><strong>Podstawa przetwarzania:<\/strong><\/td><\/tr><tr><td>1. W celu realizacji procesu rekrutacyjnego na kursy \/ szkolenia<\/td><td>niezb\u0119dno\u015b\u0107 przetwarzania do realizacji prawnie uzasadnionego interesu administratora; uzasadnionym interesem administratora jest \u015bwiadczenie us\u0142ug edukacyjnych &#8211; art. 6 ust. 1 a, f RODO,<\/td><\/tr><tr><td>2. W celu realizacji us\u0142ug edukacyjnych<\/td><td>niezb\u0119dno\u015b\u0107 przetwarzania do wykonania umowy, do realizacji prawnie uzasadnionego interesu administratora; uzasadnionym interesem administratora jest \u015bwiadczenie us\u0142ug edukacyjnych &#8211; art. 6 ust. 1 b, f RODO,<\/td><\/tr><tr><td>3. Dla cel\u00f3w marketingowych administratora<\/td><td>niezb\u0119dno\u015b\u0107 przetwarzania do realizacji prawnie uzasadnionego interesu administratora; (np. kontaktu w celu uzyskania zgody) administratora &#8211; art. 6 ust. 1 a, f RODO,<\/td><\/tr><tr><td>4. W celu zatrudnienia<\/td><td>niezb\u0119dno\u015b\u0107 przetwarzania do wykonania umowy &#8211; art. 6 ust. 1 b RODO<\/td><\/tr><tr><td>5. w celach archiwalnych (dowodowych) prawnej potrzeby wykazania fakt\u00f3w<\/td><td>niezb\u0119dno\u015b\u0107 przetwarzania do realizacji prawnie uzasadnionego interesu administratora; uzasadnionym interesem administratora jest mo\u017cliwo\u015b\u0107 prawnej potrzeby wykazania fakt\u00f3w &#8211; art. 6 ust. 1 f RODO,<\/td><\/tr><tr><td>6. W celu badania satysfakcji klient\u00f3w<\/td><td>niezb\u0119dno\u015b\u0107 przetwarzania do realizacji prawnie uzasadnionego interesu administratora; uzasadnionym interesem administratora jest poprawa jako\u015bci oferowanych us\u0142ug &#8211; art. 6 ust. 1 f RODO<\/td><\/tr><\/tbody><\/table><\/figure>\n\n\n\n<p>3. <strong>OKRES PRZECHOWYWANIA DANYCH OSOBOWYCH<\/strong><\/p>\n\n\n\n<p>1. Dane osobowe przetwarzane przez Administratora b\u0119d\u0105 przechowywane przez okres nie d\u0142u\u017cszy ni\u017c 10 lat, licz\u0105c od momentu ich zebrania, chyba \u017ce przepisy prawa nak\u0142adaj\u0105 obowi\u0105zek przechowywania danych przez d\u0142u\u017cszy okres. Po up\u0142ywie ww. okresu, dane zostan\u0105 niezw\u0142ocznie usuni\u0119te.<\/p>\n\n\n\n<p>2. Udzielona Administratorowi zgoda na przetwarzanie danych osobowych mo\u017ce zosta\u0107 cofni\u0119ta, co skutkowa\u0107 b\u0119dzie usuni\u0119ciem danych, o ile nie ma innych podstaw prawnych do ich przetwarzania.<\/p>\n\n\n\n<p>3. Administrator zastrzega sobie jednak prawo do zachowania danych w zakresie niezb\u0119dnym do spe\u0142nienia obowi\u0105zk\u00f3w wynikaj\u0105cych z przepis\u00f3w prawa, rozstrzygania spor\u00f3w, egzekwowania um\u00f3w oraz w celu ochrony swoich prawnie uzasadnionych interes\u00f3w.<\/p>\n\n\n\n<p class=\"has-text-align-left\">4. <strong>ODBIORCY PRZETWARZANYCH DANYCH<\/strong><br><br>Odbiorcami danych mog\u0105 by\u0107:<\/p>\n\n\n\n<ol><li>podmioty lub organy uprawnione na podstawie przepis\u00f3w prawa,<\/li><li>podmioty \u015bwiadcz\u0105ce na rzecz Administratora us\u0142ugi finansowe, prawne, doradcze, ubezpieczeniowe, konsultacyjne, audytowe,<\/li><li>organy podatkowe.<\/li><\/ol>\n\n\n\n<p>Pa\u0144stwa dane osobowe nie s\u0105 udost\u0119pniane podmiotom trzecim, w szczeg\u00f3lno\u015bci nie s\u0105 one przedmiotem transakcji handlowych, wymiany, u\u017cyczenia itp.<\/p>\n\n\n\n<p>5. <strong>INTEGRALNO\u015a\u0106 I POUFNO\u015a\u0106 DANYCH<\/strong><\/p>\n\n\n\n<p>Podj\u0119li\u015bmy szereg dzia\u0142a\u0144, by jak najlepiej zabezpieczy\u0107 Pa\u0144stwa dane przed utrat\u0105, zniszczeniem lub uszkodzeniem, a w szczeg\u00f3lno\u015bci przed dost\u0119pem os\u00f3b nieupowa\u017cnionych. Dotyczy to zar\u00f3wno zabezpieczenia za pomoc\u0105 \u015brodk\u00f3w technicznych, jak i rozwi\u0105za\u0144 organizacyjnych.<\/p>\n\n\n\n<p>6. <strong>PRAWA OS\u00d3B, KT\u00d3RYCH DANE S\u0104 PRZETWARZANE<\/strong><\/p>\n\n\n\n<p>W zwi\u0105zku z przetwarzaniem Pa\u0144stwa danych osobowych przys\u0142uguje Panu\/Pani prawo do :<\/p>\n\n\n\n<ol><li>dost\u0119pu do tre\u015bci swoich danych osobowych,<\/li><li>sprostowania danych,<\/li><li>usuni\u0119cia danych przetwarzanych bezpodstawnie lub ograniczenia przetwarzania danych,<\/li><li>wniesienie skargi do organu nadzorczego w razie uznania, \u017ce przetwarzanie Pa\u0144stwa danych osobowych<br>narusza przepisy o ochronie danych osobowych,<\/li><li>prawo do przenoszenia danych w spos\u00f3b zautomatyzowany,<\/li><li>wycofanie udzielonej zgody,<\/li><li>oraz prawo sprzeciwu wobec przetwarzania.<br>Ze swoich uprawnie\u0144 mo\u017cna skorzysta\u0107 poprzez z\u0142o\u017cenie odpowiedniej dyspozycji za po\u015brednictwem poczty tradycyjnej na adres Centrum Kszta\u0142cenia Zawodowego \u201eWURBEX\u201d, ul. Wojska Polskiego 2b, 34-100 Wadowice lub elektronicznej na adres: <a href=\"mailto:rodowurbex@wp.pl\" target=\"_blank\" rel=\"noreferrer noopener\">rodowurbex@wp.pl<\/a>.<\/li><\/ol>\n\n\n\n<p>Administrator w terminie miesi\u0105ca od otrzymania dyspozycji, udzieli informacji o dzia\u0142aniach podj\u0119tych w zwi\u0105zku z \u017c\u0105daniem. Z uwagi na skomplikowany charakter \u017c\u0105dania lub du\u017c\u0105 liczb\u0119 zg\u0142oszonych \u017c\u0105da\u0144 termin realizacji \u017c\u0105dania mo\u017ce zosta\u0107 przed\u0142u\u017cony o kolejny miesi\u0105c, o czym zostanie powiadomiona osoba sk\u0142adaj\u0105ca dyspozycj\u0119.<br>W celu realizacji \u017c\u0105dania, Administrator jest uprawniony do weryfikacji to\u017csamo\u015bci, aby dane nie trafi\u0142y do nieuprawnionej osoby.<br>Je\u017celi \u017c\u0105danie okaza\u0142oby si\u0119 nieuzasadnione lub nadmierne, w szczeg\u00f3lno\u015bci ze wzgl\u0119du na sw\u00f3j nagminny charakter, Administrator mo\u017ce za\u017c\u0105da\u0107 uzasadnionej op\u0142aty za realizacj\u0119 wniosku lub odm\u00f3wi\u0107 podj\u0119cia dzia\u0142a\u0144 w zwi\u0105zku z \u017c\u0105daniem.<\/p>\n\n\n\n<p>7. <strong>\u0179R\u00d3D\u0141A POZYSKIWANIA DANYCH OSOBOWYCH<\/strong><\/p>\n\n\n\n<p>Dane uzyskujemy:<\/p>\n\n\n\n<ol><li>bezpo\u015brednio od Pa\u0144stwa;<\/li><li>od podmiotu, kt\u00f3ry zawar\u0142 z CKZ \u201eWURBEX\u201d umow\u0119;<\/li><li>od partnera \/ podmiotu trzeciego wsp\u00f3\u0142pracuj\u0105cego z CKZ \u201eWURBEX\u201d, kt\u00f3ry udost\u0119pni\u0142 Pa\u0144stwa dane osobowe na podstawie Pa\u0144stwa zgody;<\/li><li>ze \u017ar\u00f3de\u0142 publicznie dost\u0119pnych, np. z Krajowego Rejestru S\u0105dowego, Centralnej Ewidencji i Informacji o Dzia\u0142alno\u015bci Gospodarczej czy innych, podobnych \u017ar\u00f3de\u0142.<\/li><\/ol>\n\n\n\n<p>W przypadku udost\u0119pnienia nam danych osobowych Pa\u0144stwa pracownik\u00f3w, pe\u0142nomocnik\u00f3w, cz\u0142onk\u00f3w zarz\u0105du, wsp\u00f3lnik\u00f3w, wsp\u00f3\u0142pracownik\u00f3w, kontrahent\u00f3w, dostawc\u00f3w lub innych os\u00f3b w tym np. gdy upowa\u017cniacie Pa\u0144stwo swojego pracownika lub inn\u0105 osob\u0119 do kontakt\u00f3w z nami w ramach wsp\u00f3\u0142pracy, prosimy o poinformowanie tych os\u00f3b:<\/p>\n\n\n\n<ol><li>o zakresie danych osobowych dotycz\u0105cych tych os\u00f3b, a przekazanych do nas;<\/li><li>o tym, kto jest Administratorem ich danych osobowych oraz, \u017ce przetwarza ich dane osobowe na zasadach okre\u015blonych powy\u017cej, dost\u0119pnych r\u00f3wnie\u017c pod adresem <a rel=\"noreferrer noopener\" href=\"http:\/\/wurbex.com.pl\/pol\/o-nas\/polityka-prywatnosci\" target=\"_blank\">http:\/\/wurbex.com.pl\/pol\/o-nas\/polityka-prywatnosci<\/a><\/li><li>o tym, \u017ce s\u0105 Pa\u0144stwo \u017ar\u00f3d\u0142em, od kt\u00f3rego pozyskali\u015bmy dane.<\/li><\/ol>\n\n\n\n<p>8. <strong>DOKUMENTY APLIAKCYJNE CV<\/strong><\/p>\n\n\n\n<p>Zg\u0142oszenie aplikacyjne powinno zawiera\u0107 zgod\u0119 na przetwarzanie danych osobowych dla potrzeb niezb\u0119dnych do realizacji procesu rekrutacji (zgodnie z Rozporz\u0105dzeniem Parlamentu Europejskiego i Rady (UE) 2016\/679 z 27 kwietnia 2016 r. w sprawie ochrony os\u00f3b fizycznych w zwi\u0105zku z przetwarzaniem danych osobowych i w sprawie swobodnego przep\u0142ywu takich danych oraz uchylenia dyrektywy 95\/46\/WE (dalej RODO)).<\/p>\n\n\n\n<p>Osoby przesy\u0142aj\u0105ce CV nie b\u0119d\u0105ce odpowiedzi\u0105 na og\u0142oszenie informujemy, \u017ce b\u0119d\u0105 one przechowywane i przetwarzane w celu rekrutacji prowadzonych przez CKZ \u201eWURBEX\u201d w oparciu o umow\u0119 powierzenia, pod warunkiem zamieszczenia w CV klauzuli:<\/p>\n\n\n\n<p>Zgodnie z art.6 ust.1 lit. a og\u00f3lnego rozporz\u0105dzenia o ochronie danych osobowych z dnia 27 kwietnia 2016 r.(Dz. Urz. UE L 119 z 04.05.2016) wyra\u017cam zgod\u0119 na przetwarzanie danych osobowych zawartych w mojej ofercie pracy dla potrzeb przysz\u0142ych rekrutacji prowadzonych przez CKZ \u201eWURBEX\u201d, kt\u00f3rych dane osobowe w oparciu o umow\u0119 powierzenia s\u0105 przetwarzane przez CKZ \u201eWURBEX\u201d.<\/p>\n\n\n\n<p>W przeciwnym przypadku CV nie b\u0119d\u0105 rozpatrywane i zostan\u0105 usuni\u0119te.<\/p>\n\n\n\n<p>Klauzula informacyjna dla kandydat\u00f3w do pracy<\/p>\n\n\n\n<p>Zgodnie z art. 13 og\u00f3lnego rozporz\u0105dzenia o ochronie danych osobowych z dnia 27 kwietnia 2016 r. (Dz. Urz. UE L 119 z 04.05.2016) informuj\u0119, i\u017c:<\/p>\n\n\n\n<ol><li>Administratorem Pani\/Pana danych osobowych jest O. D. i D. Z. \u201eWURBEX\u201d, ul. Wojska Polskiego 2b, 34-100 Wadowice<\/li><li>We wszystkich sprawach zwi\u0105zanych z ochron\u0105 danych osobowych w O. D. i D. Z. \u201eWURBEX\u201d, ul. Wojska Polskiego 2b, 34-100 Wadowice nale\u017cy kontaktowa\u0107 si\u0119 poprzez adres e-mail: rodowurbex@wp.pl.<\/li><li>Pani\/Pana dane osobowe przetwarzane b\u0119d\u0105 w celu aktualnych i przysz\u0142ych rekrutacji- na podstawie Art. 6 ust. 1 lit. a og\u00f3lnego rozporz\u0105dzenia o ochronie danych osobowych z dnia 27 kwietnia 2016 r. oraz Kodeksu Pracy z dnia 26 czerwca 1974 r.<\/li><li>Pani\/Pana dane osobowe przechowywane b\u0119d\u0105 przez okres tej i przysz\u0142ych rekrutacji.<\/li><li>Posiada Pani\/Pan prawo do \u017c\u0105dania od Administratora dost\u0119pu do danych osobowych, prawo do ich sprostowania, usuni\u0119cia lub ograniczenia przetwarzania, prawo do cofni\u0119cia zgody.<\/li><li>Ma Pani\/Pan prawo wniesienia skargi do Urz\u0119du Ochrony Danych Osobowych (UODO)<\/li><li>Podanie danych osobowych jest obligatoryjne w oparciu o przepisy prawa a w pozosta\u0142ym zakresie jest dobrowolne.<\/li><\/ol>\n\n\n\n<p>9. <strong>PLIKI COOKIES<\/strong><\/p>\n\n\n\n<p>Cookies to informacje zapisywane przez serwery na urz\u0105dzeniu ko\u0144cowym U\u017cytkownika serwisu internetowego. Informacje te mog\u0105 by\u0107 odczytywane przez serwer przy ka\u017cdorazowym po\u0142\u0105czeniu si\u0119 z tego urz\u0105dzenia ko\u0144cowego.<br>Pliki cookies (tzw. \u201eciasteczka\u201d) stanowi\u0105 dane informatyczne, w szczeg\u00f3lno\u015bci pliki tekstowe, kt\u00f3re przechowywane s\u0105 w urz\u0105dzeniu ko\u0144cowym u\u017cytkownika serwis\u00f3w internetowych. Cookies zazwyczaj zawieraj\u0105 nazw\u0119 domeny serwisu internetowego, z kt\u00f3rego pochodz\u0105, czas przechowywania ich na urz\u0105dzeniu ko\u0144cowym oraz numer IP.<br>Podmiotem zamieszczaj\u0105cym na urz\u0105dzeniu ko\u0144cowym U\u017cytkownika Serwisu pliki cookies oraz uzyskuj\u0105cym do nich dost\u0119p jest CKZ \u201eWurbex\u201d.<\/p>\n","protected":false},"excerpt":{"rendered":"<p>Wadowice, dnia 25.05.2018 r. Centrum Kszta\u0142cenia Zawodowego WURBEXBo\u017cena Palarczyk &#8211; K\u0142obuchul. Wojska Polskiego 2 b, 34-100 Wadowice POLITYKA PRYWATNO\u015aCI Szanowni Pa\u0144stwoz dniem 25 maja 2018 roku wesz\u0142o w \u017cycie Rozporz\u0105dzenie Parlamentu Europejskiego i Rady (UE) 2016\/679 z dnia 27 kwietnia 2016 r. w sprawie ochrony os\u00f3b fizycznych w zwi\u0105zku z przetwarzaniem danych osobowych i w [&hellip;]<\/p>\n","protected":false},"author":1,"featured_media":0,"parent":0,"menu_order":0,"comment_status":"closed","ping_status":"closed","template":"","meta":{"spay_email":""},"yoast_head":"<!-- This site is optimized with the Yoast SEO plugin v18.8 - https:\/\/yoast.com\/wordpress\/plugins\/seo\/ -->\n<title>Polityka prywatno\u015bci - RODO - WURBEX CKZ<\/title>\n<meta name=\"robots\" content=\"index, follow, max-snippet:-1, max-image-preview:large, max-video-preview:-1\" \/>\n<link rel=\"canonical\" href=\"https:\/\/wurbex.com.pl\/ckz\/polityka-prywatnosci-rodo\/\" \/>\n<meta property=\"og:locale\" content=\"pl_PL\" \/>\n<meta property=\"og:type\" content=\"article\" \/>\n<meta property=\"og:title\" content=\"Polityka prywatno\u015bci - RODO - WURBEX CKZ\" \/>\n<meta property=\"og:description\" content=\"Wadowice, dnia 25.05.2018 r. Centrum Kszta\u0142cenia Zawodowego WURBEXBo\u017cena Palarczyk &#8211; K\u0142obuchul. Wojska Polskiego 2 b, 34-100 Wadowice POLITYKA PRYWATNO\u015aCI Szanowni Pa\u0144stwoz dniem 25 maja 2018 roku wesz\u0142o w \u017cycie Rozporz\u0105dzenie Parlamentu Europejskiego i Rady (UE) 2016\/679 z dnia 27 kwietnia 2016 r. w sprawie ochrony os\u00f3b fizycznych w zwi\u0105zku z przetwarzaniem danych osobowych i w [&hellip;]\" \/>\n<meta property=\"og:url\" content=\"https:\/\/wurbex.com.pl\/ckz\/polityka-prywatnosci-rodo\/\" \/>\n<meta property=\"og:site_name\" content=\"WURBEX CKZ\" \/>\n<meta property=\"article:publisher\" content=\"https:\/\/www.facebook.com\/wurbex.ckz\" \/>\n<meta property=\"article:modified_time\" content=\"2024-03-06T10:07:09+00:00\" \/>\n<meta name=\"twitter:card\" content=\"summary_large_image\" \/>\n<meta name=\"twitter:label1\" content=\"Szacowany czas czytania\" \/>\n\t<meta name=\"twitter:data1\" content=\"9 minut\" \/>\n<script type=\"application\/ld+json\" class=\"yoast-schema-graph\">{\"@context\":\"https:\/\/schema.org\",\"@graph\":[{\"@type\":\"Organization\",\"@id\":\"https:\/\/wurbex.com.pl\/ckz\/#organization\",\"name\":\"Centrum Kszta\u0142cenia Zawodowego WURBEX\",\"url\":\"https:\/\/wurbex.com.pl\/ckz\/\",\"sameAs\":[\"https:\/\/www.facebook.com\/wurbex.ckz\"],\"logo\":{\"@type\":\"ImageObject\",\"inLanguage\":\"pl-PL\",\"@id\":\"https:\/\/wurbex.com.pl\/ckz\/#\/schema\/logo\/image\/\",\"url\":\"https:\/\/wurbex.com.pl\/ckz\/wp-content\/uploads\/2022\/04\/LOGO-BEZ-TLA.png\",\"contentUrl\":\"https:\/\/wurbex.com.pl\/ckz\/wp-content\/uploads\/2022\/04\/LOGO-BEZ-TLA.png\",\"width\":500,\"height\":500,\"caption\":\"Centrum Kszta\u0142cenia Zawodowego WURBEX\"},\"image\":{\"@id\":\"https:\/\/wurbex.com.pl\/ckz\/#\/schema\/logo\/image\/\"}},{\"@type\":\"WebSite\",\"@id\":\"https:\/\/wurbex.com.pl\/ckz\/#website\",\"url\":\"https:\/\/wurbex.com.pl\/ckz\/\",\"name\":\"WURBEX CKZ\",\"description\":\"Centrum Kszta\u0142cenia Zawodowego WURBEX Wadowice\",\"publisher\":{\"@id\":\"https:\/\/wurbex.com.pl\/ckz\/#organization\"},\"potentialAction\":[{\"@type\":\"SearchAction\",\"target\":{\"@type\":\"EntryPoint\",\"urlTemplate\":\"https:\/\/wurbex.com.pl\/ckz\/?s={search_term_string}\"},\"query-input\":\"required name=search_term_string\"}],\"inLanguage\":\"pl-PL\"},{\"@type\":\"WebPage\",\"@id\":\"https:\/\/wurbex.com.pl\/ckz\/polityka-prywatnosci-rodo\/#webpage\",\"url\":\"https:\/\/wurbex.com.pl\/ckz\/polityka-prywatnosci-rodo\/\",\"name\":\"Polityka prywatno\u015bci - RODO - WURBEX CKZ\",\"isPartOf\":{\"@id\":\"https:\/\/wurbex.com.pl\/ckz\/#website\"},\"datePublished\":\"2021-05-20T06:51:47+00:00\",\"dateModified\":\"2024-03-06T10:07:09+00:00\",\"breadcrumb\":{\"@id\":\"https:\/\/wurbex.com.pl\/ckz\/polityka-prywatnosci-rodo\/#breadcrumb\"},\"inLanguage\":\"pl-PL\",\"potentialAction\":[{\"@type\":\"ReadAction\",\"target\":[\"https:\/\/wurbex.com.pl\/ckz\/polityka-prywatnosci-rodo\/\"]}]},{\"@type\":\"BreadcrumbList\",\"@id\":\"https:\/\/wurbex.com.pl\/ckz\/polityka-prywatnosci-rodo\/#breadcrumb\",\"itemListElement\":[{\"@type\":\"ListItem\",\"position\":1,\"name\":\"Strona g\u0142\u00f3wna\",\"item\":\"https:\/\/wurbex.com.pl\/ckz\/\"},{\"@type\":\"ListItem\",\"position\":2,\"name\":\"Polityka prywatno\u015bci &#8211; RODO\"}]}]}<\/script>\n<!-- \/ Yoast SEO plugin. -->","yoast_head_json":{"title":"Polityka prywatno\u015bci - RODO - WURBEX CKZ","robots":{"index":"index","follow":"follow","max-snippet":"max-snippet:-1","max-image-preview":"max-image-preview:large","max-video-preview":"max-video-preview:-1"},"canonical":"https:\/\/wurbex.com.pl\/ckz\/polityka-prywatnosci-rodo\/","og_locale":"pl_PL","og_type":"article","og_title":"Polityka prywatno\u015bci - RODO - WURBEX CKZ","og_description":"Wadowice, dnia 25.05.2018 r. Centrum Kszta\u0142cenia Zawodowego WURBEXBo\u017cena Palarczyk &#8211; K\u0142obuchul. Wojska Polskiego 2 b, 34-100 Wadowice POLITYKA PRYWATNO\u015aCI Szanowni Pa\u0144stwoz dniem 25 maja 2018 roku wesz\u0142o w \u017cycie Rozporz\u0105dzenie Parlamentu Europejskiego i Rady (UE) 2016\/679 z dnia 27 kwietnia 2016 r. w sprawie ochrony os\u00f3b fizycznych w zwi\u0105zku z przetwarzaniem danych osobowych i w [&hellip;]","og_url":"https:\/\/wurbex.com.pl\/ckz\/polityka-prywatnosci-rodo\/","og_site_name":"WURBEX CKZ","article_publisher":"https:\/\/www.facebook.com\/wurbex.ckz","article_modified_time":"2024-03-06T10:07:09+00:00","twitter_card":"summary_large_image","twitter_misc":{"Szacowany czas czytania":"9 minut"},"schema":{"@context":"https:\/\/schema.org","@graph":[{"@type":"Organization","@id":"https:\/\/wurbex.com.pl\/ckz\/#organization","name":"Centrum Kszta\u0142cenia Zawodowego WURBEX","url":"https:\/\/wurbex.com.pl\/ckz\/","sameAs":["https:\/\/www.facebook.com\/wurbex.ckz"],"logo":{"@type":"ImageObject","inLanguage":"pl-PL","@id":"https:\/\/wurbex.com.pl\/ckz\/#\/schema\/logo\/image\/","url":"https:\/\/wurbex.com.pl\/ckz\/wp-content\/uploads\/2022\/04\/LOGO-BEZ-TLA.png","contentUrl":"https:\/\/wurbex.com.pl\/ckz\/wp-content\/uploads\/2022\/04\/LOGO-BEZ-TLA.png","width":500,"height":500,"caption":"Centrum Kszta\u0142cenia Zawodowego WURBEX"},"image":{"@id":"https:\/\/wurbex.com.pl\/ckz\/#\/schema\/logo\/image\/"}},{"@type":"WebSite","@id":"https:\/\/wurbex.com.pl\/ckz\/#website","url":"https:\/\/wurbex.com.pl\/ckz\/","name":"WURBEX CKZ","description":"Centrum Kszta\u0142cenia Zawodowego WURBEX Wadowice","publisher":{"@id":"https:\/\/wurbex.com.pl\/ckz\/#organization"},"potentialAction":[{"@type":"SearchAction","target":{"@type":"EntryPoint","urlTemplate":"https:\/\/wurbex.com.pl\/ckz\/?s={search_term_string}"},"query-input":"required name=search_term_string"}],"inLanguage":"pl-PL"},{"@type":"WebPage","@id":"https:\/\/wurbex.com.pl\/ckz\/polityka-prywatnosci-rodo\/#webpage","url":"https:\/\/wurbex.com.pl\/ckz\/polityka-prywatnosci-rodo\/","name":"Polityka prywatno\u015bci - RODO - WURBEX CKZ","isPartOf":{"@id":"https:\/\/wurbex.com.pl\/ckz\/#website"},"datePublished":"2021-05-20T06:51:47+00:00","dateModified":"2024-03-06T10:07:09+00:00","breadcrumb":{"@id":"https:\/\/wurbex.com.pl\/ckz\/polityka-prywatnosci-rodo\/#breadcrumb"},"inLanguage":"pl-PL","potentialAction":[{"@type":"ReadAction","target":["https:\/\/wurbex.com.pl\/ckz\/polityka-prywatnosci-rodo\/"]}]},{"@type":"BreadcrumbList","@id":"https:\/\/wurbex.com.pl\/ckz\/polityka-prywatnosci-rodo\/#breadcrumb","itemListElement":[{"@type":"ListItem","position":1,"name":"Strona g\u0142\u00f3wna","item":"https:\/\/wurbex.com.pl\/ckz\/"},{"@type":"ListItem","position":2,"name":"Polityka prywatno\u015bci &#8211; RODO"}]}]}},"_links":{"self":[{"href":"https:\/\/wurbex.com.pl\/ckz\/wp-json\/wp\/v2\/pages\/370"}],"collection":[{"href":"https:\/\/wurbex.com.pl\/ckz\/wp-json\/wp\/v2\/pages"}],"about":[{"href":"https:\/\/wurbex.com.pl\/ckz\/wp-json\/wp\/v2\/types\/page"}],"author":[{"embeddable":true,"href":"https:\/\/wurbex.com.pl\/ckz\/wp-json\/wp\/v2\/users\/1"}],"replies":[{"embeddable":true,"href":"https:\/\/wurbex.com.pl\/ckz\/wp-json\/wp\/v2\/comments?post=370"}],"version-history":[{"count":19,"href":"https:\/\/wurbex.com.pl\/ckz\/wp-json\/wp\/v2\/pages\/370\/revisions"}],"predecessor-version":[{"id":1553,"href":"https:\/\/wurbex.com.pl\/ckz\/wp-json\/wp\/v2\/pages\/370\/revisions\/1553"}],"wp:attachment":[{"href":"https:\/\/wurbex.com.pl\/ckz\/wp-json\/wp\/v2\/media?parent=370"}],"curies":[{"name":"wp","href":"https:\/\/api.w.org\/{rel}","templated":true}]}}