{"id":625,"date":"2021-06-11T12:10:05","date_gmt":"2021-06-11T12:10:05","guid":{"rendered":"https:\/\/wurbex.com.pl\/ckz\/?page_id=625"},"modified":"2021-06-15T09:16:29","modified_gmt":"2021-06-15T09:16:29","slug":"formularz-zgloszeniowy","status":"publish","type":"page","link":"https:\/\/wurbex.com.pl\/ckz\/formularz-zgloszeniowy\/","title":{"rendered":"Formularz zg\u0142oszeniowy"},"content":{"rendered":"\n<p>Wype\u0142nij poni\u017cszy formularz aby zg\u0142osi\u0107 ch\u0119\u0107 udzia\u0142u w kursie.<br>Prosimy wype\u0142ni\u0107 poni\u017cszy formularz &#8211; mo\u017cna uzupe\u0142ni\u0107 tylko wybrane pola.<br><strong>Prosimy wpisa\u0107 prawid\u0142owe dane, umo\u017cliwiaj\u0105ce nam kontakt z Pa\u0144stwem (imi\u0119 i nazwisko, adres e-mail lub numer telefonu). W przeciwnym wypadku zg\u0142oszenie nie zostanie rozpatrzone.<\/strong><\/p>\n\n\n\n<p>Obowi\u0105zkowe pola zosta\u0142y oznaczone gwiazdk\u0105 (*).<\/p>\n\n\n\n<p><strong>Przed wype\u0142nieniem formularza prosimy o zapoznanie si\u0119 <a href=\"https:\/\/wurbex.com.pl\/ckz\/polityka-prywatnosci-rodo\/\" data-type=\"URL\" data-id=\"https:\/\/wurbex.com.pl\/ckz\/polityka-prywatnosci-rodo\/\">z polityk\u0105 prywatno\u015bci CKZ WURBEX Wadowice<\/a>.<\/strong><\/p>\n\n\n<div class=\"wpforms-container wpforms-container-full\" id=\"wpforms-624\"><form id=\"wpforms-form-624\" class=\"wpforms-validate wpforms-form\" data-formid=\"624\" method=\"post\" enctype=\"multipart\/form-data\" action=\"\/ckz\/wp-json\/wp\/v2\/pages\/625\" data-token=\"8029b5621a790a6a5b6d1e31bad95df1\"><noscript class=\"wpforms-error-noscript\">Please enable JavaScript in your browser to complete this form.<\/noscript><div class=\"wpforms-field-container\"><div id=\"wpforms-624-field_0-container\" class=\"wpforms-field wpforms-field-name\" data-field-id=\"0\"><label class=\"wpforms-field-label\" for=\"wpforms-624-field_0\">Imi\u0119 i nazwisko: <span class=\"wpforms-required-label\">*<\/span><\/label><div class=\"wpforms-field-row wpforms-field-medium\"><div class=\"wpforms-field-row-block wpforms-first wpforms-one-half\"><input type=\"text\" id=\"wpforms-624-field_0\" class=\"wpforms-field-name-first wpforms-field-required\" name=\"wpforms[fields][0][first]\" placeholder=\"Imi\u0119\" required><label for=\"wpforms-624-field_0\" class=\"wpforms-field-sublabel after wpforms-sublabel-hide\">First<\/label><\/div><div class=\"wpforms-field-row-block wpforms-one-half\"><input type=\"text\" id=\"wpforms-624-field_0-last\" class=\"wpforms-field-name-last wpforms-field-required\" name=\"wpforms[fields][0][last]\" placeholder=\"Nazwisko\" required><label for=\"wpforms-624-field_0-last\" class=\"wpforms-field-sublabel after wpforms-sublabel-hide\">Last<\/label><\/div><\/div><\/div><div id=\"wpforms-624-field_4-container\" class=\"wpforms-field wpforms-field-name\" data-field-id=\"4\"><label class=\"wpforms-field-label\" for=\"wpforms-624-field_4\">Nazwa firmy:<\/label><input type=\"text\" id=\"wpforms-624-field_4\" class=\"wpforms-field-medium\" name=\"wpforms[fields][4]\" ><\/div><div id=\"wpforms-624-field_5-container\" class=\"wpforms-field wpforms-field-text\" data-field-id=\"5\"><label class=\"wpforms-field-label\" for=\"wpforms-624-field_5\">Ulica i numer:<\/label><input type=\"text\" id=\"wpforms-624-field_5\" class=\"wpforms-field-medium\" name=\"wpforms[fields][5]\" ><\/div><div id=\"wpforms-624-field_6-container\" class=\"wpforms-field wpforms-field-text\" data-field-id=\"6\"><label class=\"wpforms-field-label\" for=\"wpforms-624-field_6\">Kod i miejscowo\u015b\u0107:<\/label><input type=\"text\" id=\"wpforms-624-field_6\" class=\"wpforms-field-medium\" name=\"wpforms[fields][6]\" ><\/div><div id=\"wpforms-624-field_7-container\" class=\"wpforms-field wpforms-field-number\" data-field-id=\"7\"><label class=\"wpforms-field-label\" for=\"wpforms-624-field_7\">Numer telefonu: [tylko cyfry] <span class=\"wpforms-required-label\">*<\/span><\/label><input type=\"number\" pattern=\"\\d*\" id=\"wpforms-624-field_7\" class=\"wpforms-field-medium wpforms-field-required\" name=\"wpforms[fields][7]\" required><\/div><div id=\"wpforms-624-field_1-container\" class=\"wpforms-field wpforms-field-email\" data-field-id=\"1\"><label class=\"wpforms-field-label\" for=\"wpforms-624-field_1\">Email<\/label><input type=\"email\" id=\"wpforms-624-field_1\" class=\"wpforms-field-medium\" name=\"wpforms[fields][1]\" ><\/div><div id=\"wpforms-624-field_18-container\" class=\"wpforms-field wpforms-field-select wpforms-field-select-style-classic\" data-field-id=\"18\"><label class=\"wpforms-field-label\" for=\"wpforms-624-field_18\">Wybierz kurs <span class=\"wpforms-required-label\">*<\/span><\/label><select id=\"wpforms-624-field_18\" class=\"wpforms-field-medium wpforms-field-required\" name=\"wpforms[fields][18]\" required=\"required\"><option value=\"Szkolenie okresowe bhp dla pracownik\u00f3w zatrudnionych na stanowiskach robotniczych\" >Szkolenie okresowe bhp dla pracownik\u00f3w zatrudnionych na stanowiskach robotniczych<\/option><option value=\"Szkolenie okresowe bhp dla pracownik\u00f3w administracyjno-biurowych\" >Szkolenie okresowe bhp dla pracownik\u00f3w administracyjno-biurowych<\/option><option value=\"Szkolenie okresowe bhp dla pracodawc\u00f3w i innych os\u00f3b kieruj\u0105cych pracownikami\" >Szkolenie okresowe bhp dla pracodawc\u00f3w i innych os\u00f3b kieruj\u0105cych pracownikami<\/option><option value=\"Szkolenie okresowe bhp dla kadry in\u017cynieryjno-technicznej\" >Szkolenie okresowe bhp dla kadry in\u017cynieryjno-technicznej<\/option><option value=\"Szkolenie okresowe bhp dla s\u0142u\u017cb BHP\" >Szkolenie okresowe bhp dla s\u0142u\u017cb BHP<\/option><option value=\"Kurs podstawowy dla Spo\u0142ecznych Inspektor\u00f3w Pracy\" >Kurs podstawowy dla Spo\u0142ecznych Inspektor\u00f3w Pracy<\/option><option value=\"Kurs udzielania I pomocy przedmedycznej\" >Kurs udzielania I pomocy przedmedycznej<\/option><option value=\"Kurs udzielania I pomocy pediatrycznej \" >Kurs udzielania I pomocy pediatrycznej <\/option><option value=\"Kurs z zakresu podstawowych zagadnie\u0144 higieny (minimum sanitarne)\" >Kurs z zakresu podstawowych zagadnie\u0144 higieny (minimum sanitarne)<\/option><option value=\"Kurs pedagogiczny dla instruktor\u00f3w praktycznej nauki zawodu\" >Kurs pedagogiczny dla instruktor\u00f3w praktycznej nauki zawodu<\/option><option value=\"Kurs pedagogiczny do prowadzenia zaj\u0119\u0107 w pozaszkolnych formach kszta\u0142cenia\" >Kurs pedagogiczny do prowadzenia zaj\u0119\u0107 w pozaszkolnych formach kszta\u0142cenia<\/option><option value=\"Kurs obs\u0142ugi  w\u00f3zk\u00f3w jezdniowych podno\u015bnikowych z wy\u0142\u0105czeniem specjalizowanych\" >Kurs obs\u0142ugi  w\u00f3zk\u00f3w jezdniowych podno\u015bnikowych z wy\u0142\u0105czeniem specjalizowanych<\/option><option value=\"Kurs obs\u0142ugi  w\u00f3zk\u00f3w jezdniowych podno\u015bnikowych, w tym specjalizowanych\" >Kurs obs\u0142ugi  w\u00f3zk\u00f3w jezdniowych podno\u015bnikowych, w tym specjalizowanych<\/option><option value=\"Kurs bezpiecznego u\u017cytkowania butli w w\u00f3zkach jezdniowych\" >Kurs bezpiecznego u\u017cytkowania butli w w\u00f3zkach jezdniowych<\/option><option value=\"Kurs obs\u0142ugi \u017curawi prze\u0142adunkowych przeno\u015bnych (HDS)\" >Kurs obs\u0142ugi \u017curawi prze\u0142adunkowych przeno\u015bnych (HDS)<\/option><option value=\"Kurs obs\u0142ugi \u017curawi samojezdnych\" >Kurs obs\u0142ugi \u017curawi samojezdnych<\/option><option value=\"Kurs obs\u0142ugi  \u017curawi stacjonarnych\" >Kurs obs\u0142ugi  \u017curawi stacjonarnych<\/option><option value=\"Kurs obs\u0142ugi  \u017curawi wie\u017cowych i szybko montuj\u0105cych\" >Kurs obs\u0142ugi  \u017curawi wie\u017cowych i szybko montuj\u0105cych<\/option><option value=\"Kurs obs\u0142ugi podest\u00f3w ruchomych przejezdnych\" >Kurs obs\u0142ugi podest\u00f3w ruchomych przejezdnych<\/option><option value=\"Kurs obs\u0142ugi podest\u00f3w ruchomych stacjonarnych\" >Kurs obs\u0142ugi podest\u00f3w ruchomych stacjonarnych<\/option><option value=\"Kurs obs\u0142ugi  suwnic, wci\u0105garek i wci\u0105gnik\u00f3w og\u00f3lnego oraz specjalnego przeznaczenia\" >Kurs obs\u0142ugi  suwnic, wci\u0105garek i wci\u0105gnik\u00f3w og\u00f3lnego oraz specjalnego przeznaczenia<\/option><option value=\"Kurs obs\u0142ugi suwnic, wci\u0105gnik\u00f3w i wci\u0105garek og\u00f3lnego przeznaczenia\" >Kurs obs\u0142ugi suwnic, wci\u0105gnik\u00f3w i wci\u0105garek og\u00f3lnego przeznaczenia<\/option><option value=\"Kurs obs\u0142ugi wci\u0105gnik\u00f3w i wci\u0105garek og\u00f3lnego oraz specjalnego przeznaczenia\" >Kurs obs\u0142ugi wci\u0105gnik\u00f3w i wci\u0105garek og\u00f3lnego oraz specjalnego przeznaczenia<\/option><option value=\"Kurs obs\u0142ugi wci\u0105gnik\u00f3w i wci\u0105garek og\u00f3lnego przeznaczenia\" >Kurs obs\u0142ugi wci\u0105gnik\u00f3w i wci\u0105garek og\u00f3lnego przeznaczenia<\/option><option value=\"Kurs obs\u0142ugi  d\u017awig\u00f3w budowlanych\" >Kurs obs\u0142ugi  d\u017awig\u00f3w budowlanych<\/option><option value=\"Kurs obs\u0142ugi d\u017awig\u00f3w towarowo-osobowych\" >Kurs obs\u0142ugi d\u017awig\u00f3w towarowo-osobowych<\/option><option value=\"Kurs obs\u0142ugi wyci\u0105g\u00f3w towarowych\" >Kurs obs\u0142ugi wyci\u0105g\u00f3w towarowych<\/option><option value=\"Kurs nape\u0142niania zbiornik\u00f3w ci\u015bnieniowych \" >Kurs nape\u0142niania zbiornik\u00f3w ci\u015bnieniowych <\/option><option value=\"Kurs konserwacji urz\u0105dze\u0144 transportu bliskiego \" >Kurs konserwacji urz\u0105dze\u0144 transportu bliskiego <\/option><option value=\"Kurs przewozu materia\u0142\u00f3w niebezpiecznych wszystkich klas ADR\" >Kurs przewozu materia\u0142\u00f3w niebezpiecznych wszystkich klas ADR<\/option><option value=\"Kurs hakowego sygnalisty\" >Kurs hakowego sygnalisty<\/option><option value=\"Kurs nape\u0142niania zbiornik\u00f3w gazem LPG\" >Kurs nape\u0142niania zbiornik\u00f3w gazem LPG<\/option><option value=\"Kurs SEP G1\" >Kurs SEP G1<\/option><option value=\"Kurs wykonywania pomiar\u00f3w elektrycznych \" >Kurs wykonywania pomiar\u00f3w elektrycznych <\/option><option value=\"Kurs SEP G2\" >Kurs SEP G2<\/option><option value=\"Kurs SEP G3\" >Kurs SEP G3<\/option><option value=\"Kurs obs\u0142ugi pilarek mechanicznych (pi\u0142y)\" >Kurs obs\u0142ugi pilarek mechanicznych (pi\u0142y)<\/option><option value=\"Kurs drwal - operator pilarek spalinowych \" >Kurs drwal - operator pilarek spalinowych <\/option><option value=\"Kurs obs\u0142ugi kos spalinowych i kosiarek samobie\u017cnych\" >Kurs obs\u0142ugi kos spalinowych i kosiarek samobie\u017cnych<\/option><option value=\"Kurs spawania MAG 135 \" >Kurs spawania MAG 135 <\/option><option value=\"Kurs spawania TIG 141 \" >Kurs spawania TIG 141 <\/option><option value=\"Kurs spawania elektrycznego MMA 111\" >Kurs spawania elektrycznego MMA 111<\/option><option value=\"Kurs spawania gazowego 311\" >Kurs spawania gazowego 311<\/option><option value=\"Kurs specjalisty ds. kadr\" >Kurs specjalisty ds. kadr<\/option><option value=\"Kurs ksi\u0119gowo\u015bci z elementami kadr, ZUS i p\u0142ac\" >Kurs ksi\u0119gowo\u015bci z elementami kadr, ZUS i p\u0142ac<\/option><option value=\"Kurs kroju i szycia\" >Kurs kroju i szycia<\/option><option value=\"Kurs przygotowawczy dla kandydat\u00f3w na wychowawc\u00f3w plac\u00f3wek wypoczynku dzieci i m\u0142odzie\u017cy\" >Kurs przygotowawczy dla kandydat\u00f3w na wychowawc\u00f3w plac\u00f3wek wypoczynku dzieci i m\u0142odzie\u017cy<\/option><option value=\"Kurs instrukta\u017cowy dla kierownik\u00f3w plac\u00f3wek wypoczynku dzieci i m\u0142odzie\u017cy\" >Kurs instrukta\u017cowy dla kierownik\u00f3w plac\u00f3wek wypoczynku dzieci i m\u0142odzie\u017cy<\/option><option value=\"Kurs opiekuna w \u017c\u0142obku lub w klubie dzieci\u0119cym\" >Kurs opiekuna w \u017c\u0142obku lub w klubie dzieci\u0119cym<\/option><option value=\"Kurs asystenta nauczyciela w przedszkolu\" >Kurs asystenta nauczyciela w przedszkolu<\/option><option value=\"Kurs opiekuna przewozu dzieci i m\u0142odzie\u017cy\" >Kurs opiekuna przewozu dzieci i m\u0142odzie\u017cy<\/option><option value=\"Kurs obs\u0142ugi kas fiskalnych\" >Kurs obs\u0142ugi kas fiskalnych<\/option><option value=\"Kurs florystyczny \u2013 artystyczne uk\u0142adanie kwiat\u00f3w i dekoracja wn\u0119trz\" >Kurs florystyczny \u2013 artystyczne uk\u0142adanie kwiat\u00f3w i dekoracja wn\u0119trz<\/option><option value=\"Kurs r\u0119kodzie\u0142a artystycznego\" >Kurs r\u0119kodzie\u0142a artystycznego<\/option><option value=\"Kurs makija\u017cu, wiza\u017cu i stylizacji paznokci\" >Kurs makija\u017cu, wiza\u017cu i stylizacji paznokci<\/option><option value=\"Kurs sommeliera\" >Kurs sommeliera<\/option><option value=\"Kurs cateringu\" >Kurs cateringu<\/option><option value=\"Kurs opiekuna os\u00f3b starszych\" >Kurs opiekuna os\u00f3b starszych<\/option><option value=\"Kurs Siostra PCK\" >Kurs Siostra PCK<\/option><option value=\"Kurs pracownik us\u0142ug czysto\u015bciowych\" >Kurs pracownik us\u0142ug czysto\u015bciowych<\/option><\/select><\/div><div id=\"wpforms-624-field_2-container\" class=\"wpforms-field wpforms-field-textarea\" data-field-id=\"2\"><label class=\"wpforms-field-label\" for=\"wpforms-624-field_2\">Pytania lub uwagi:<\/label><textarea id=\"wpforms-624-field_2\" class=\"wpforms-field-medium\" name=\"wpforms[fields][2]\" ><\/textarea><\/div><div id=\"wpforms-624-field_9-container\" class=\"wpforms-field wpforms-field-checkbox wpforms-list-inline\" data-field-id=\"9\"><label class=\"wpforms-field-label wpforms-label-hide\" for=\"wpforms-624-field_9\">Zgoda <span class=\"wpforms-required-label\">*<\/span><\/label><ul id=\"wpforms-624-field_9\" class=\"wpforms-field-required\"><li class=\"choice-1 depth-1\"><input type=\"checkbox\" id=\"wpforms-624-field_9_1\" name=\"wpforms[fields][9][]\" value=\" Wyra\u017cam zgod\u0119 na przetwarzanie podanych przeze mnie danych i informuj\u0119, \u017ce zapozna\u0142em si\u0119 z Zasadami przetwarzania danych osobowych w CKZ WURBEX Wadowice przekazanymi na podstawie art.13 og\u00f3lnego rozporz\u0105dzenia o ochronie danych osobowych (RODO).\" required ><label class=\"wpforms-field-label-inline\" for=\"wpforms-624-field_9_1\"> Wyra\u017cam zgod\u0119 na przetwarzanie podanych przeze mnie danych i informuj\u0119, \u017ce zapozna\u0142em si\u0119 z Zasadami przetwarzania danych osobowych w CKZ WURBEX Wadowice przekazanymi na podstawie art.13 og\u00f3lnego rozporz\u0105dzenia o ochronie danych osobowych (RODO).<\/label><\/li><\/ul><\/div><div id=\"wpforms-624-field_10-container\" class=\"wpforms-field wpforms-field-checkbox\" data-field-id=\"10\"><label class=\"wpforms-field-label wpforms-label-hide\" for=\"wpforms-624-field_10\">Akceptacja <span class=\"wpforms-required-label\">*<\/span><\/label><ul id=\"wpforms-624-field_10\" class=\"wpforms-field-required\"><li class=\"choice-1 depth-1\"><input type=\"checkbox\" id=\"wpforms-624-field_10_1\" name=\"wpforms[fields][10][]\" value=\" Zapozna\u0142em\/am si\u0119 z Regulaminem \u015bwiadczenia us\u0142ug drog\u0105 elektroniczn\u0105 wydany na postawie art. 8 ust. 1 pkt 1 Ustawy z dnia 18 lipca 2002 roku i akceptuj\u0119 jego warunki. \" required ><label class=\"wpforms-field-label-inline\" for=\"wpforms-624-field_10_1\"> Zapozna\u0142em\/am si\u0119 z Regulaminem \u015bwiadczenia us\u0142ug drog\u0105 elektroniczn\u0105 wydany na postawie art. 8 ust. 1 pkt 1 Ustawy z dnia 18 lipca 2002 roku i akceptuj\u0119 jego warunki. <\/label><\/li><\/ul><\/div><div id=\"wpforms-624-field_20-container\" class=\"wpforms-field wpforms-field-email\" data-field-id=\"20\"><label class=\"wpforms-field-label\" for=\"wpforms-624-field_20\">Email <span class=\"wpforms-required-label\">*<\/span><\/label><input type=\"email\" id=\"wpforms-624-field_20\" class=\"wpforms-field-medium wpforms-field-required\" name=\"wpforms[fields][20]\" required><\/div><\/div><div class=\"wpforms-recaptcha-container wpforms-is-recaptcha\"><div class=\"g-recaptcha\" data-sitekey=\"6LdYjCgbAAAAAIZKu1XsuKcGkUBB4qh7o45X9hsQ\"><\/div><input type=\"text\" name=\"g-recaptcha-hidden\" class=\"wpforms-recaptcha-hidden\" style=\"position:absolute!important;clip:rect(0,0,0,0)!important;height:1px!important;width:1px!important;border:0!important;overflow:hidden!important;padding:0!important;margin:0!important;\" required><\/div><div class=\"wpforms-submit-container\"><input type=\"hidden\" name=\"wpforms[id]\" value=\"624\"><input type=\"hidden\" name=\"wpforms[author]\" value=\"1\"><button type=\"submit\" name=\"wpforms[submit]\" id=\"wpforms-submit-624\" class=\"wpforms-submit\" aria-live=\"assertive\" value=\"wpforms-submit\">Wy\u015blij<\/button><\/div><\/form><\/div>  <!-- .wpforms-container -->\n","protected":false},"excerpt":{"rendered":"<p>Wype\u0142nij poni\u017cszy formularz aby zg\u0142osi\u0107 ch\u0119\u0107 udzia\u0142u w kursie.Prosimy wype\u0142ni\u0107 poni\u017cszy formularz &#8211; mo\u017cna uzupe\u0142ni\u0107 tylko wybrane pola.Prosimy wpisa\u0107 prawid\u0142owe dane, umo\u017cliwiaj\u0105ce nam kontakt z Pa\u0144stwem (imi\u0119 i nazwisko, adres e-mail lub numer telefonu). W przeciwnym wypadku zg\u0142oszenie nie zostanie rozpatrzone. Obowi\u0105zkowe pola zosta\u0142y oznaczone gwiazdk\u0105 (*). Przed wype\u0142nieniem formularza prosimy o zapoznanie si\u0119 z [&hellip;]<\/p>\n","protected":false},"author":1,"featured_media":0,"parent":0,"menu_order":0,"comment_status":"closed","ping_status":"closed","template":"","meta":{"spay_email":""},"yoast_head":"<!-- This site is optimized with the Yoast SEO plugin v18.8 - https:\/\/yoast.com\/wordpress\/plugins\/seo\/ -->\n<title>Formularz zg\u0142oszeniowy - WURBEX CKZ<\/title>\n<meta name=\"robots\" content=\"index, follow, max-snippet:-1, max-image-preview:large, max-video-preview:-1\" \/>\n<link rel=\"canonical\" href=\"https:\/\/wurbex.com.pl\/ckz\/formularz-zgloszeniowy\/\" \/>\n<meta property=\"og:locale\" content=\"pl_PL\" \/>\n<meta property=\"og:type\" content=\"article\" \/>\n<meta property=\"og:title\" content=\"Formularz zg\u0142oszeniowy - WURBEX CKZ\" \/>\n<meta property=\"og:description\" content=\"Wype\u0142nij poni\u017cszy formularz aby zg\u0142osi\u0107 ch\u0119\u0107 udzia\u0142u w kursie.Prosimy wype\u0142ni\u0107 poni\u017cszy formularz &#8211; mo\u017cna uzupe\u0142ni\u0107 tylko wybrane pola.Prosimy wpisa\u0107 prawid\u0142owe dane, umo\u017cliwiaj\u0105ce nam kontakt z Pa\u0144stwem (imi\u0119 i nazwisko, adres e-mail lub numer telefonu). W przeciwnym wypadku zg\u0142oszenie nie zostanie rozpatrzone. Obowi\u0105zkowe pola zosta\u0142y oznaczone gwiazdk\u0105 (*). Przed wype\u0142nieniem formularza prosimy o zapoznanie si\u0119 z [&hellip;]\" \/>\n<meta property=\"og:url\" content=\"https:\/\/wurbex.com.pl\/ckz\/formularz-zgloszeniowy\/\" \/>\n<meta property=\"og:site_name\" content=\"WURBEX CKZ\" \/>\n<meta property=\"article:publisher\" content=\"https:\/\/www.facebook.com\/wurbex.ckz\" \/>\n<meta property=\"article:modified_time\" content=\"2021-06-15T09:16:29+00:00\" \/>\n<meta name=\"twitter:card\" content=\"summary_large_image\" \/>\n<script type=\"application\/ld+json\" class=\"yoast-schema-graph\">{\"@context\":\"https:\/\/schema.org\",\"@graph\":[{\"@type\":\"Organization\",\"@id\":\"https:\/\/wurbex.com.pl\/ckz\/#organization\",\"name\":\"Centrum Kszta\u0142cenia Zawodowego WURBEX\",\"url\":\"https:\/\/wurbex.com.pl\/ckz\/\",\"sameAs\":[\"https:\/\/www.facebook.com\/wurbex.ckz\"],\"logo\":{\"@type\":\"ImageObject\",\"inLanguage\":\"pl-PL\",\"@id\":\"https:\/\/wurbex.com.pl\/ckz\/#\/schema\/logo\/image\/\",\"url\":\"https:\/\/wurbex.com.pl\/ckz\/wp-content\/uploads\/2022\/04\/LOGO-BEZ-TLA.png\",\"contentUrl\":\"https:\/\/wurbex.com.pl\/ckz\/wp-content\/uploads\/2022\/04\/LOGO-BEZ-TLA.png\",\"width\":500,\"height\":500,\"caption\":\"Centrum Kszta\u0142cenia Zawodowego WURBEX\"},\"image\":{\"@id\":\"https:\/\/wurbex.com.pl\/ckz\/#\/schema\/logo\/image\/\"}},{\"@type\":\"WebSite\",\"@id\":\"https:\/\/wurbex.com.pl\/ckz\/#website\",\"url\":\"https:\/\/wurbex.com.pl\/ckz\/\",\"name\":\"WURBEX CKZ\",\"description\":\"Centrum Kszta\u0142cenia Zawodowego WURBEX Wadowice\",\"publisher\":{\"@id\":\"https:\/\/wurbex.com.pl\/ckz\/#organization\"},\"potentialAction\":[{\"@type\":\"SearchAction\",\"target\":{\"@type\":\"EntryPoint\",\"urlTemplate\":\"https:\/\/wurbex.com.pl\/ckz\/?s={search_term_string}\"},\"query-input\":\"required name=search_term_string\"}],\"inLanguage\":\"pl-PL\"},{\"@type\":\"WebPage\",\"@id\":\"https:\/\/wurbex.com.pl\/ckz\/formularz-zgloszeniowy\/#webpage\",\"url\":\"https:\/\/wurbex.com.pl\/ckz\/formularz-zgloszeniowy\/\",\"name\":\"Formularz zg\u0142oszeniowy - WURBEX CKZ\",\"isPartOf\":{\"@id\":\"https:\/\/wurbex.com.pl\/ckz\/#website\"},\"datePublished\":\"2021-06-11T12:10:05+00:00\",\"dateModified\":\"2021-06-15T09:16:29+00:00\",\"breadcrumb\":{\"@id\":\"https:\/\/wurbex.com.pl\/ckz\/formularz-zgloszeniowy\/#breadcrumb\"},\"inLanguage\":\"pl-PL\",\"potentialAction\":[{\"@type\":\"ReadAction\",\"target\":[\"https:\/\/wurbex.com.pl\/ckz\/formularz-zgloszeniowy\/\"]}]},{\"@type\":\"BreadcrumbList\",\"@id\":\"https:\/\/wurbex.com.pl\/ckz\/formularz-zgloszeniowy\/#breadcrumb\",\"itemListElement\":[{\"@type\":\"ListItem\",\"position\":1,\"name\":\"Strona g\u0142\u00f3wna\",\"item\":\"https:\/\/wurbex.com.pl\/ckz\/\"},{\"@type\":\"ListItem\",\"position\":2,\"name\":\"Formularz zg\u0142oszeniowy\"}]}]}<\/script>\n<!-- \/ Yoast SEO plugin. -->","yoast_head_json":{"title":"Formularz zg\u0142oszeniowy - WURBEX CKZ","robots":{"index":"index","follow":"follow","max-snippet":"max-snippet:-1","max-image-preview":"max-image-preview:large","max-video-preview":"max-video-preview:-1"},"canonical":"https:\/\/wurbex.com.pl\/ckz\/formularz-zgloszeniowy\/","og_locale":"pl_PL","og_type":"article","og_title":"Formularz zg\u0142oszeniowy - WURBEX CKZ","og_description":"Wype\u0142nij poni\u017cszy formularz aby zg\u0142osi\u0107 ch\u0119\u0107 udzia\u0142u w kursie.Prosimy wype\u0142ni\u0107 poni\u017cszy formularz &#8211; mo\u017cna uzupe\u0142ni\u0107 tylko wybrane pola.Prosimy wpisa\u0107 prawid\u0142owe dane, umo\u017cliwiaj\u0105ce nam kontakt z Pa\u0144stwem (imi\u0119 i nazwisko, adres e-mail lub numer telefonu). W przeciwnym wypadku zg\u0142oszenie nie zostanie rozpatrzone. Obowi\u0105zkowe pola zosta\u0142y oznaczone gwiazdk\u0105 (*). Przed wype\u0142nieniem formularza prosimy o zapoznanie si\u0119 z [&hellip;]","og_url":"https:\/\/wurbex.com.pl\/ckz\/formularz-zgloszeniowy\/","og_site_name":"WURBEX CKZ","article_publisher":"https:\/\/www.facebook.com\/wurbex.ckz","article_modified_time":"2021-06-15T09:16:29+00:00","twitter_card":"summary_large_image","schema":{"@context":"https:\/\/schema.org","@graph":[{"@type":"Organization","@id":"https:\/\/wurbex.com.pl\/ckz\/#organization","name":"Centrum Kszta\u0142cenia Zawodowego WURBEX","url":"https:\/\/wurbex.com.pl\/ckz\/","sameAs":["https:\/\/www.facebook.com\/wurbex.ckz"],"logo":{"@type":"ImageObject","inLanguage":"pl-PL","@id":"https:\/\/wurbex.com.pl\/ckz\/#\/schema\/logo\/image\/","url":"https:\/\/wurbex.com.pl\/ckz\/wp-content\/uploads\/2022\/04\/LOGO-BEZ-TLA.png","contentUrl":"https:\/\/wurbex.com.pl\/ckz\/wp-content\/uploads\/2022\/04\/LOGO-BEZ-TLA.png","width":500,"height":500,"caption":"Centrum Kszta\u0142cenia Zawodowego WURBEX"},"image":{"@id":"https:\/\/wurbex.com.pl\/ckz\/#\/schema\/logo\/image\/"}},{"@type":"WebSite","@id":"https:\/\/wurbex.com.pl\/ckz\/#website","url":"https:\/\/wurbex.com.pl\/ckz\/","name":"WURBEX CKZ","description":"Centrum Kszta\u0142cenia Zawodowego WURBEX Wadowice","publisher":{"@id":"https:\/\/wurbex.com.pl\/ckz\/#organization"},"potentialAction":[{"@type":"SearchAction","target":{"@type":"EntryPoint","urlTemplate":"https:\/\/wurbex.com.pl\/ckz\/?s={search_term_string}"},"query-input":"required name=search_term_string"}],"inLanguage":"pl-PL"},{"@type":"WebPage","@id":"https:\/\/wurbex.com.pl\/ckz\/formularz-zgloszeniowy\/#webpage","url":"https:\/\/wurbex.com.pl\/ckz\/formularz-zgloszeniowy\/","name":"Formularz zg\u0142oszeniowy - WURBEX CKZ","isPartOf":{"@id":"https:\/\/wurbex.com.pl\/ckz\/#website"},"datePublished":"2021-06-11T12:10:05+00:00","dateModified":"2021-06-15T09:16:29+00:00","breadcrumb":{"@id":"https:\/\/wurbex.com.pl\/ckz\/formularz-zgloszeniowy\/#breadcrumb"},"inLanguage":"pl-PL","potentialAction":[{"@type":"ReadAction","target":["https:\/\/wurbex.com.pl\/ckz\/formularz-zgloszeniowy\/"]}]},{"@type":"BreadcrumbList","@id":"https:\/\/wurbex.com.pl\/ckz\/formularz-zgloszeniowy\/#breadcrumb","itemListElement":[{"@type":"ListItem","position":1,"name":"Strona g\u0142\u00f3wna","item":"https:\/\/wurbex.com.pl\/ckz\/"},{"@type":"ListItem","position":2,"name":"Formularz zg\u0142oszeniowy"}]}]}},"_links":{"self":[{"href":"https:\/\/wurbex.com.pl\/ckz\/wp-json\/wp\/v2\/pages\/625"}],"collection":[{"href":"https:\/\/wurbex.com.pl\/ckz\/wp-json\/wp\/v2\/pages"}],"about":[{"href":"https:\/\/wurbex.com.pl\/ckz\/wp-json\/wp\/v2\/types\/page"}],"author":[{"embeddable":true,"href":"https:\/\/wurbex.com.pl\/ckz\/wp-json\/wp\/v2\/users\/1"}],"replies":[{"embeddable":true,"href":"https:\/\/wurbex.com.pl\/ckz\/wp-json\/wp\/v2\/comments?post=625"}],"version-history":[{"count":11,"href":"https:\/\/wurbex.com.pl\/ckz\/wp-json\/wp\/v2\/pages\/625\/revisions"}],"predecessor-version":[{"id":641,"href":"https:\/\/wurbex.com.pl\/ckz\/wp-json\/wp\/v2\/pages\/625\/revisions\/641"}],"wp:attachment":[{"href":"https:\/\/wurbex.com.pl\/ckz\/wp-json\/wp\/v2\/media?parent=625"}],"curies":[{"name":"wp","href":"https:\/\/api.w.org\/{rel}","templated":true}]}}