{"id":901,"date":"2021-10-28T06:52:53","date_gmt":"2021-10-28T06:52:53","guid":{"rendered":"https:\/\/wurbex.com.pl\/ckz\/?page_id=901"},"modified":"2021-10-28T06:57:20","modified_gmt":"2021-10-28T06:57:20","slug":"dla-osob-bezrobotnych","status":"publish","type":"page","link":"https:\/\/wurbex.com.pl\/ckz\/dla-osob-bezrobotnych\/","title":{"rendered":"Dla os\u00f3b bezrobotnych"},"content":{"rendered":"<div id=\"sp-ea-902\" class=\"sp-ea-one sp-easy-accordion\" data-ex-icon=\"fa-minus\" data-col-icon=\"fa-plus\"  data-ea-active=\"ea-click\"  data-ea-mode=\"vertical\" data-preloader=\"\"><div class=\"ea-card  sp-ea-single\"><h3 class=\"ea-header\"><a class=\"collapsed\" data-sptoggle=\"spcollapse\" data-sptarget=#collapse9020 href=\"javascript:void(0)\" aria-expanded=\"false\"><i class=\"ea-expand-icon fa fa-plus\"><\/i> Zwi\u0105zek Centralny Dzie\u0142a Kolpinga<\/a><\/h3><div class=\"sp-collapse spcollapse spcollapse\" id=\"collapse9020\" data-parent=#sp-ea-902><div class=\"ea-body\"><div><strong>Kursy dla uczestnik\u00f3w projekt\u00f3w realizowanych przez Zwi\u0105zek Centralny Dzie\u0142a Kolpinga w Polsce<\/strong><\/div>\n<div><\/div>\n<div class=\"bi6gxh9e\"><span class=\"d2edcug0 hpfvmrgz qv66sw1b c1et5uql lr9zc1uh jq4qci2q a3bd9o3v b1v8xokw oo9gr5id\">Je\u017celi:<\/span><\/div>\n<ul class=\"bi6gxh9e aov4n071 fjf4s8hc mf5omzu7\">\n<li>\n<div class=\"bi6gxh9e\"><span class=\"d2edcug0 hpfvmrgz qv66sw1b c1et5uql lr9zc1uh jq4qci2q a3bd9o3v b1v8xokw oo9gr5id\">masz uko\u0144czone 30 lat,<\/span><\/div>\n<\/li>\n<li>\n<div class=\"bi6gxh9e\"><span class=\"d2edcug0 hpfvmrgz qv66sw1b c1et5uql lr9zc1uh jq4qci2q a3bd9o3v b1v8xokw oo9gr5id\">zamieszkujesz m.in powiat wadowicki, o\u015bwi\u0119cimski, suski, chrzanowski,<\/span><\/div>\n<\/li>\n<li>\n<div class=\"bi6gxh9e\"><span class=\"d2edcug0 hpfvmrgz qv66sw1b c1et5uql lr9zc1uh jq4qci2q a3bd9o3v b1v8xokw oo9gr5id\">nie pracujesz,<\/span><\/div>\n<\/li>\n<li>\n<div class=\"bi6gxh9e\"><span class=\"d2edcug0 hpfvmrgz qv66sw1b c1et5uql lr9zc1uh jq4qci2q a3bd9o3v b1v8xokw oo9gr5id\">posiadasz\u00a0orzeczenie o niepe\u0142nosprawno\u015bci lub jeste\u015b na rencie z ZUS\/KRUS (orzeczenie)\u00a0i nie masz przeciwwskaza\u0144 zdrowotnych do podj\u0119cia ww kurs\u00f3w,<\/span><\/div>\n<\/li>\n<\/ul>\n<div class=\"bi6gxh9e\"><\/div>\n<div class=\"bi6gxh9e\"><span class=\"d2edcug0 hpfvmrgz qv66sw1b c1et5uql lr9zc1uh jq4qci2q a3bd9o3v b1v8xokw oo9gr5id\">Zg\u0142o\u015b si\u0119 do Nas - najlepiej ju\u017c dzi\u015b !\u00a0<\/span><\/div>\n<div><\/div>\n<div>W ramach projektu oferujemy:<\/div>\n<ul>\n<li>wsparcie doradcy zawodowego, po\u015brednika pracy, psychologa, coacha, trenera zatrudnienia wspieranego<\/li>\n<li><strong>szkolenia oraz bony szkoleniowe wraz z wyp\u0142acanym stypednium<\/strong><\/li>\n<li>p\u0142atne sta\u017ce zawodowe<\/li>\n<li>zwrot koszt\u00f3w dojazdu<\/li>\n<li>zwrot koszt\u00f3w opieki nad osob\u0105 zale\u017cn\u0105<\/li>\n<\/ul>\n<p>UDZIA\u0141 W PROJEKCIE JEST BEZP\u0141ATNY!<\/p>\n<p>Zapraszamy do kontaktu:<\/p>\n<p>Wadowice ul. Sienkiewicza 7<\/p>\n<p>tel. 512-718-298\u00a0 \/\u00a0 12-418-77-83<\/p>\n<p><img class=\"alignnone size-medium wp-image-919\" src=\"http:\/\/wurbex.com.pl\/ckz\/wp-content\/uploads\/2021\/10\/csm_cd_news_af3b19b19c-300x200.jpg\" alt=\"\" width=\"300\" height=\"200\" \/><\/p>\n<\/div><\/div><\/div><div class=\"ea-card  sp-ea-single\"><h3 class=\"ea-header\"><a class=\"collapsed\" data-sptoggle=\"spcollapse\" data-sptarget=#collapse9021 href=\"javascript:void(0)\" aria-expanded=\"false\"><i class=\"ea-expand-icon fa fa-plus\"><\/i> Spo\u0142eczna Szko\u0142a Zarz\u0105dzania i Handlu w O\u015bwi\u0119cimiu<\/a><\/h3><div class=\"sp-collapse spcollapse spcollapse\" id=\"collapse9021\" data-parent=#sp-ea-902><div class=\"ea-body\"><p><strong>W Centrum Kszta\u0142cenia Zawodowego \"WURBEX\" zrealizuj\u0105 Pa\u0144stwo kursy finansowane z projekt\u00f3w realizowanych przez Spo\u0142eczn\u0105 Szko\u0142\u0119 Zarz\u0105dzania i Handlu w O\u015bwi\u0119cimiu<\/strong><\/p>\n<p>Spo\u0142eczna Szko\u0142a Zarz\u0105dzania i Handlu w O\u015bwi\u0119cimiu w ramach realizacji projekt\u00f3w unijnych poszukuje os\u00f3b ch\u0119tnych do podniesienia kwalifikacji zawodowych oraz rozpocz\u0119cia sta\u017cu zawodowego.<\/p>\n<p><strong>Korzy\u015bci:<\/strong><\/p>\n<ul>\n<li>p\u0142atnie szkolenia podnosz\u0105ce kwalifikacje,<\/li>\n<li>zwrot koszt\u00f3w dojazdu na szkolenia,<\/li>\n<li>p\u0142atne 3 miesi\u0119czne sta\u017ce zawodowe w wysoko\u015bci 1440,00 z\u0142 na r\u0119k\u0119 za ka\u017cdy przepracowany miesi\u0105c,<\/li>\n<li>ubezpieczenie NNW.<\/li>\n<\/ul>\n<p><strong>Wymagania:<\/strong><\/p>\n<ul>\n<li>wiek 15 - 29 lat,<\/li>\n<li>osoby bierne zawodowo - nie pracuj\u0105ce i nie kszta\u0142c\u0105ce si\u0119,<\/li>\n<li>osoby zamieszkuj\u0105ce na terenach wiejskich w wojew\u00f3dztwie ma\u0142opolskim.<\/li>\n<\/ul>\n<p><strong>Dane kontaktowe organizatora projekt\u00f3w:<\/strong><\/p>\n<p>Spo\u0142eczna Szko\u0142a Zarz\u0105dzania i Handlu<\/p>\n<p>ul. Stanis\u0142awy Leszczy\u0144skiej 7<\/p>\n<p>32-600 O\u015bwi\u0119cim<\/p>\n<p>tel. 33 847-54-73<\/p>\n<p>e-mail: szih@szih.pl<\/p>\n<p><span style=\"color: #ff0000\">Wszystkie otrzymane formy wsparcia s\u0105 bezp\u0142atne<\/span><\/p>\n<\/div><\/div><\/div><\/div>\n\n\n\n<p><\/p>\n","protected":false},"excerpt":{"rendered":"","protected":false},"author":2,"featured_media":0,"parent":0,"menu_order":0,"comment_status":"closed","ping_status":"closed","template":"","meta":{"spay_email":""},"yoast_head":"<!-- This site is optimized with the Yoast SEO plugin v18.8 - https:\/\/yoast.com\/wordpress\/plugins\/seo\/ -->\n<title>Dla os\u00f3b bezrobotnych - WURBEX CKZ<\/title>\n<meta name=\"robots\" content=\"index, follow, max-snippet:-1, max-image-preview:large, max-video-preview:-1\" \/>\n<link rel=\"canonical\" href=\"https:\/\/wurbex.com.pl\/ckz\/dla-osob-bezrobotnych\/\" \/>\n<meta property=\"og:locale\" content=\"pl_PL\" \/>\n<meta property=\"og:type\" content=\"article\" \/>\n<meta property=\"og:title\" content=\"Dla os\u00f3b bezrobotnych - WURBEX CKZ\" \/>\n<meta property=\"og:url\" content=\"https:\/\/wurbex.com.pl\/ckz\/dla-osob-bezrobotnych\/\" \/>\n<meta property=\"og:site_name\" content=\"WURBEX CKZ\" \/>\n<meta property=\"article:publisher\" content=\"https:\/\/www.facebook.com\/wurbex.ckz\" \/>\n<meta property=\"article:modified_time\" content=\"2021-10-28T06:57:20+00:00\" \/>\n<meta name=\"twitter:card\" content=\"summary_large_image\" \/>\n<script type=\"application\/ld+json\" class=\"yoast-schema-graph\">{\"@context\":\"https:\/\/schema.org\",\"@graph\":[{\"@type\":\"Organization\",\"@id\":\"https:\/\/wurbex.com.pl\/ckz\/#organization\",\"name\":\"Centrum Kszta\u0142cenia Zawodowego WURBEX\",\"url\":\"https:\/\/wurbex.com.pl\/ckz\/\",\"sameAs\":[\"https:\/\/www.facebook.com\/wurbex.ckz\"],\"logo\":{\"@type\":\"ImageObject\",\"inLanguage\":\"pl-PL\",\"@id\":\"https:\/\/wurbex.com.pl\/ckz\/#\/schema\/logo\/image\/\",\"url\":\"https:\/\/wurbex.com.pl\/ckz\/wp-content\/uploads\/2022\/04\/LOGO-BEZ-TLA.png\",\"contentUrl\":\"https:\/\/wurbex.com.pl\/ckz\/wp-content\/uploads\/2022\/04\/LOGO-BEZ-TLA.png\",\"width\":500,\"height\":500,\"caption\":\"Centrum Kszta\u0142cenia Zawodowego WURBEX\"},\"image\":{\"@id\":\"https:\/\/wurbex.com.pl\/ckz\/#\/schema\/logo\/image\/\"}},{\"@type\":\"WebSite\",\"@id\":\"https:\/\/wurbex.com.pl\/ckz\/#website\",\"url\":\"https:\/\/wurbex.com.pl\/ckz\/\",\"name\":\"WURBEX CKZ\",\"description\":\"Centrum Kszta\u0142cenia Zawodowego WURBEX Wadowice\",\"publisher\":{\"@id\":\"https:\/\/wurbex.com.pl\/ckz\/#organization\"},\"potentialAction\":[{\"@type\":\"SearchAction\",\"target\":{\"@type\":\"EntryPoint\",\"urlTemplate\":\"https:\/\/wurbex.com.pl\/ckz\/?s={search_term_string}\"},\"query-input\":\"required name=search_term_string\"}],\"inLanguage\":\"pl-PL\"},{\"@type\":\"WebPage\",\"@id\":\"https:\/\/wurbex.com.pl\/ckz\/dla-osob-bezrobotnych\/#webpage\",\"url\":\"https:\/\/wurbex.com.pl\/ckz\/dla-osob-bezrobotnych\/\",\"name\":\"Dla os\u00f3b bezrobotnych - WURBEX CKZ\",\"isPartOf\":{\"@id\":\"https:\/\/wurbex.com.pl\/ckz\/#website\"},\"datePublished\":\"2021-10-28T06:52:53+00:00\",\"dateModified\":\"2021-10-28T06:57:20+00:00\",\"breadcrumb\":{\"@id\":\"https:\/\/wurbex.com.pl\/ckz\/dla-osob-bezrobotnych\/#breadcrumb\"},\"inLanguage\":\"pl-PL\",\"potentialAction\":[{\"@type\":\"ReadAction\",\"target\":[\"https:\/\/wurbex.com.pl\/ckz\/dla-osob-bezrobotnych\/\"]}]},{\"@type\":\"BreadcrumbList\",\"@id\":\"https:\/\/wurbex.com.pl\/ckz\/dla-osob-bezrobotnych\/#breadcrumb\",\"itemListElement\":[{\"@type\":\"ListItem\",\"position\":1,\"name\":\"Strona g\u0142\u00f3wna\",\"item\":\"https:\/\/wurbex.com.pl\/ckz\/\"},{\"@type\":\"ListItem\",\"position\":2,\"name\":\"Dla os\u00f3b bezrobotnych\"}]}]}<\/script>\n<!-- \/ Yoast SEO plugin. -->","yoast_head_json":{"title":"Dla os\u00f3b bezrobotnych - WURBEX CKZ","robots":{"index":"index","follow":"follow","max-snippet":"max-snippet:-1","max-image-preview":"max-image-preview:large","max-video-preview":"max-video-preview:-1"},"canonical":"https:\/\/wurbex.com.pl\/ckz\/dla-osob-bezrobotnych\/","og_locale":"pl_PL","og_type":"article","og_title":"Dla os\u00f3b bezrobotnych - WURBEX CKZ","og_url":"https:\/\/wurbex.com.pl\/ckz\/dla-osob-bezrobotnych\/","og_site_name":"WURBEX CKZ","article_publisher":"https:\/\/www.facebook.com\/wurbex.ckz","article_modified_time":"2021-10-28T06:57:20+00:00","twitter_card":"summary_large_image","schema":{"@context":"https:\/\/schema.org","@graph":[{"@type":"Organization","@id":"https:\/\/wurbex.com.pl\/ckz\/#organization","name":"Centrum Kszta\u0142cenia Zawodowego WURBEX","url":"https:\/\/wurbex.com.pl\/ckz\/","sameAs":["https:\/\/www.facebook.com\/wurbex.ckz"],"logo":{"@type":"ImageObject","inLanguage":"pl-PL","@id":"https:\/\/wurbex.com.pl\/ckz\/#\/schema\/logo\/image\/","url":"https:\/\/wurbex.com.pl\/ckz\/wp-content\/uploads\/2022\/04\/LOGO-BEZ-TLA.png","contentUrl":"https:\/\/wurbex.com.pl\/ckz\/wp-content\/uploads\/2022\/04\/LOGO-BEZ-TLA.png","width":500,"height":500,"caption":"Centrum Kszta\u0142cenia Zawodowego WURBEX"},"image":{"@id":"https:\/\/wurbex.com.pl\/ckz\/#\/schema\/logo\/image\/"}},{"@type":"WebSite","@id":"https:\/\/wurbex.com.pl\/ckz\/#website","url":"https:\/\/wurbex.com.pl\/ckz\/","name":"WURBEX CKZ","description":"Centrum Kszta\u0142cenia Zawodowego WURBEX Wadowice","publisher":{"@id":"https:\/\/wurbex.com.pl\/ckz\/#organization"},"potentialAction":[{"@type":"SearchAction","target":{"@type":"EntryPoint","urlTemplate":"https:\/\/wurbex.com.pl\/ckz\/?s={search_term_string}"},"query-input":"required name=search_term_string"}],"inLanguage":"pl-PL"},{"@type":"WebPage","@id":"https:\/\/wurbex.com.pl\/ckz\/dla-osob-bezrobotnych\/#webpage","url":"https:\/\/wurbex.com.pl\/ckz\/dla-osob-bezrobotnych\/","name":"Dla os\u00f3b bezrobotnych - WURBEX CKZ","isPartOf":{"@id":"https:\/\/wurbex.com.pl\/ckz\/#website"},"datePublished":"2021-10-28T06:52:53+00:00","dateModified":"2021-10-28T06:57:20+00:00","breadcrumb":{"@id":"https:\/\/wurbex.com.pl\/ckz\/dla-osob-bezrobotnych\/#breadcrumb"},"inLanguage":"pl-PL","potentialAction":[{"@type":"ReadAction","target":["https:\/\/wurbex.com.pl\/ckz\/dla-osob-bezrobotnych\/"]}]},{"@type":"BreadcrumbList","@id":"https:\/\/wurbex.com.pl\/ckz\/dla-osob-bezrobotnych\/#breadcrumb","itemListElement":[{"@type":"ListItem","position":1,"name":"Strona g\u0142\u00f3wna","item":"https:\/\/wurbex.com.pl\/ckz\/"},{"@type":"ListItem","position":2,"name":"Dla os\u00f3b bezrobotnych"}]}]}},"_links":{"self":[{"href":"https:\/\/wurbex.com.pl\/ckz\/wp-json\/wp\/v2\/pages\/901"}],"collection":[{"href":"https:\/\/wurbex.com.pl\/ckz\/wp-json\/wp\/v2\/pages"}],"about":[{"href":"https:\/\/wurbex.com.pl\/ckz\/wp-json\/wp\/v2\/types\/page"}],"author":[{"embeddable":true,"href":"https:\/\/wurbex.com.pl\/ckz\/wp-json\/wp\/v2\/users\/2"}],"replies":[{"embeddable":true,"href":"https:\/\/wurbex.com.pl\/ckz\/wp-json\/wp\/v2\/comments?post=901"}],"version-history":[{"count":2,"href":"https:\/\/wurbex.com.pl\/ckz\/wp-json\/wp\/v2\/pages\/901\/revisions"}],"predecessor-version":[{"id":905,"href":"https:\/\/wurbex.com.pl\/ckz\/wp-json\/wp\/v2\/pages\/901\/revisions\/905"}],"wp:attachment":[{"href":"https:\/\/wurbex.com.pl\/ckz\/wp-json\/wp\/v2\/media?parent=901"}],"curies":[{"name":"wp","href":"https:\/\/api.w.org\/{rel}","templated":true}]}}