{"id":1308,"date":"2022-05-07T15:03:32","date_gmt":"2022-05-07T15:03:32","guid":{"rendered":"https:\/\/wurbex.com.pl\/ckz\/?post_type=product&#038;p=1308"},"modified":"2026-04-28T10:42:29","modified_gmt":"2026-04-28T10:42:29","slug":"szkolenie-w-zakresie-metod-prowadzenia-instruktazu-stanowiskowego-bhp","status":"publish","type":"product","link":"https:\/\/wurbex.com.pl\/ckz\/produkt\/szkolenie-w-zakresie-metod-prowadzenia-instruktazu-stanowiskowego-bhp\/","title":{"rendered":"Szkolenie w zakresie metod prowadzenia instrukta\u017cu stanowiskowego bhp"},"content":{"rendered":"<p id=\"yui_3_17_2_1_1651935494433_958\" style=\"text-align: center;\"><b>Metodyka prowadzenia zaj\u0119\u0107 instrukta\u017cu stanowiskowego<\/b><\/p>\n<p><strong>Adresaci szkolenia:<\/strong><\/p>\n<p>Uczestnikami tej formy szkolenia mog\u0105 by\u0107 pracodawcy, osoby kieruj\u0105ce pracownikami oraz pracownicy skierowani przez pracodawc\u0119. Wym\u00f3g posiadania umiej\u0119tno\u015bci przekazania wiedzy w trakcie instrukta\u017cu stanowiskowego wynika z \u00a7 11.5 rozporz\u0105dzenia Ministra Gospodarki i Pracy z dnia 27 lipca 2004 r. w sprawie szkolenia w dziedzinie bezpiecze\u0144stwa i higieny pracy (Dz. U. Nr 180, poz. 1860; zmiana Dz. U z 2005 r. Nr 116, poz. 972): \u201eInstrukta\u017c stanowiskowy przeprowadza wyznaczona przez pracodawc\u0119 osoba kieruj\u0105ca pracownikami lub pracodawca, je\u017celi osoby te posiadaj\u0105 odpowiednie kwalifikacje i do\u015bwiadczenie zawodowe oraz s\u0105 przeszkolone w zakresie metod prowadzenia instrukta\u017cu stanowiskowego\u201d.<\/p>\n<p><strong>Cel szkolenia:<\/strong><\/p>\n<p>Celem szkolenia jest zdobycie kwalifikacji i umiej\u0119tno\u015bci niezb\u0119dnych do przekazania wiedzy w trakcie przeprowadzania szkolenia stanowiskowego nowo przyj\u0119tych w zak\u0142adzie pracownik\u00f3w i zleceniobiorc\u00f3w. Udzia\u0142 w szkoleniu pozwoli na opanowanie umiej\u0119tno\u015bci doboru w\u0142a\u015bciwych metod nauczania i stosowania \u015brodk\u00f3w dydaktycznych, podstawowej wiedzy w dziedzinie metodyki niezb\u0119dnej instruktorowi do przekazania wiedzy i umiej\u0119tno\u015bci po\u017c\u0105danej do bezpiecznego wykonywania czynno\u015bci na stanowisku pracy.<\/p>\n","protected":false},"excerpt":{"rendered":"<p>Szkolenie w zakresie metod prowadzenia instrukta\u017cu stanowiskowego bhp formie e-learningowej.<\/p>\n<p>Dost\u0119p do platformy e-learningowej aktywny jest przez 90 dni od daty pierwszego logowania z mo\u017cliwo\u015bci\u0105 darmowego przed\u0142u\u017cenia.<\/p>\n<p>Po uko\u0144czeniu szkolenia uczestnik otrzymuje za\u015bwiadczenie MEN.<\/p>\n","protected":false},"featured_media":1310,"comment_status":"closed","ping_status":"closed","template":"","meta":{"spay_email":""},"product_cat":[57],"product_tag":[67,78,72],"yoast_head":"<!-- This site is optimized with the Yoast SEO plugin v18.8 - https:\/\/yoast.com\/wordpress\/plugins\/seo\/ -->\n<title>Szkolenie w zakresie metod prowadzenia instrukta\u017cu stanowiskowego bhp - WURBEX CKZ<\/title>\n<meta name=\"robots\" content=\"index, follow, max-snippet:-1, max-image-preview:large, max-video-preview:-1\" \/>\n<link rel=\"canonical\" href=\"https:\/\/wurbex.com.pl\/ckz\/produkt\/szkolenie-w-zakresie-metod-prowadzenia-instruktazu-stanowiskowego-bhp\/\" \/>\n<meta property=\"og:locale\" content=\"pl_PL\" \/>\n<meta property=\"og:type\" content=\"article\" \/>\n<meta property=\"og:title\" content=\"Szkolenie w zakresie metod prowadzenia instrukta\u017cu stanowiskowego bhp - WURBEX CKZ\" \/>\n<meta property=\"og:description\" content=\"Szkolenie w zakresie metod prowadzenia instrukta\u017cu stanowiskowego bhp formie e-learningowej.  Dost\u0119p do platformy e-learningowej aktywny jest przez 90 dni od daty pierwszego logowania z mo\u017cliwo\u015bci\u0105 darmowego przed\u0142u\u017cenia.  Po uko\u0144czeniu szkolenia uczestnik otrzymuje za\u015bwiadczenie MEN.\" \/>\n<meta property=\"og:url\" content=\"https:\/\/wurbex.com.pl\/ckz\/produkt\/szkolenie-w-zakresie-metod-prowadzenia-instruktazu-stanowiskowego-bhp\/\" \/>\n<meta property=\"og:site_name\" content=\"WURBEX CKZ\" \/>\n<meta property=\"article:publisher\" content=\"https:\/\/www.facebook.com\/wurbex.ckz\" \/>\n<meta property=\"article:modified_time\" content=\"2026-04-28T10:42:29+00:00\" \/>\n<meta property=\"og:image\" content=\"https:\/\/wurbex.com.pl\/ckz\/wp-content\/uploads\/2022\/05\/METODYKA--1024x390.png\" \/>\n\t<meta property=\"og:image:width\" content=\"1024\" \/>\n\t<meta property=\"og:image:height\" content=\"390\" \/>\n\t<meta property=\"og:image:type\" content=\"image\/png\" \/>\n<meta name=\"twitter:card\" content=\"summary_large_image\" \/>\n<meta name=\"twitter:label1\" content=\"Szacowany czas czytania\" \/>\n\t<meta name=\"twitter:data1\" content=\"1 minuta\" \/>\n<script type=\"application\/ld+json\" class=\"yoast-schema-graph\">{\"@context\":\"https:\/\/schema.org\",\"@graph\":[{\"@type\":\"Organization\",\"@id\":\"https:\/\/wurbex.com.pl\/ckz\/#organization\",\"name\":\"Centrum Kszta\u0142cenia Zawodowego WURBEX\",\"url\":\"https:\/\/wurbex.com.pl\/ckz\/\",\"sameAs\":[\"https:\/\/www.facebook.com\/wurbex.ckz\"],\"logo\":{\"@type\":\"ImageObject\",\"inLanguage\":\"pl-PL\",\"@id\":\"https:\/\/wurbex.com.pl\/ckz\/#\/schema\/logo\/image\/\",\"url\":\"https:\/\/wurbex.com.pl\/ckz\/wp-content\/uploads\/2022\/04\/LOGO-BEZ-TLA.png\",\"contentUrl\":\"https:\/\/wurbex.com.pl\/ckz\/wp-content\/uploads\/2022\/04\/LOGO-BEZ-TLA.png\",\"width\":500,\"height\":500,\"caption\":\"Centrum Kszta\u0142cenia Zawodowego WURBEX\"},\"image\":{\"@id\":\"https:\/\/wurbex.com.pl\/ckz\/#\/schema\/logo\/image\/\"}},{\"@type\":\"WebSite\",\"@id\":\"https:\/\/wurbex.com.pl\/ckz\/#website\",\"url\":\"https:\/\/wurbex.com.pl\/ckz\/\",\"name\":\"WURBEX CKZ\",\"description\":\"Centrum Kszta\u0142cenia Zawodowego WURBEX Wadowice\",\"publisher\":{\"@id\":\"https:\/\/wurbex.com.pl\/ckz\/#organization\"},\"potentialAction\":[{\"@type\":\"SearchAction\",\"target\":{\"@type\":\"EntryPoint\",\"urlTemplate\":\"https:\/\/wurbex.com.pl\/ckz\/?s={search_term_string}\"},\"query-input\":\"required name=search_term_string\"}],\"inLanguage\":\"pl-PL\"},{\"@type\":\"ImageObject\",\"inLanguage\":\"pl-PL\",\"@id\":\"https:\/\/wurbex.com.pl\/ckz\/produkt\/szkolenie-w-zakresie-metod-prowadzenia-instruktazu-stanowiskowego-bhp\/#primaryimage\",\"url\":\"https:\/\/wurbex.com.pl\/ckz\/wp-content\/uploads\/2022\/05\/METODYKA-.png\",\"contentUrl\":\"https:\/\/wurbex.com.pl\/ckz\/wp-content\/uploads\/2022\/05\/METODYKA-.png\",\"width\":2050,\"height\":780},{\"@type\":\"WebPage\",\"@id\":\"https:\/\/wurbex.com.pl\/ckz\/produkt\/szkolenie-w-zakresie-metod-prowadzenia-instruktazu-stanowiskowego-bhp\/#webpage\",\"url\":\"https:\/\/wurbex.com.pl\/ckz\/produkt\/szkolenie-w-zakresie-metod-prowadzenia-instruktazu-stanowiskowego-bhp\/\",\"name\":\"Szkolenie w zakresie metod prowadzenia instrukta\u017cu stanowiskowego bhp - WURBEX CKZ\",\"isPartOf\":{\"@id\":\"https:\/\/wurbex.com.pl\/ckz\/#website\"},\"primaryImageOfPage\":{\"@id\":\"https:\/\/wurbex.com.pl\/ckz\/produkt\/szkolenie-w-zakresie-metod-prowadzenia-instruktazu-stanowiskowego-bhp\/#primaryimage\"},\"datePublished\":\"2022-05-07T15:03:32+00:00\",\"dateModified\":\"2026-04-28T10:42:29+00:00\",\"breadcrumb\":{\"@id\":\"https:\/\/wurbex.com.pl\/ckz\/produkt\/szkolenie-w-zakresie-metod-prowadzenia-instruktazu-stanowiskowego-bhp\/#breadcrumb\"},\"inLanguage\":\"pl-PL\",\"potentialAction\":[{\"@type\":\"ReadAction\",\"target\":[\"https:\/\/wurbex.com.pl\/ckz\/produkt\/szkolenie-w-zakresie-metod-prowadzenia-instruktazu-stanowiskowego-bhp\/\"]}]},{\"@type\":\"BreadcrumbList\",\"@id\":\"https:\/\/wurbex.com.pl\/ckz\/produkt\/szkolenie-w-zakresie-metod-prowadzenia-instruktazu-stanowiskowego-bhp\/#breadcrumb\",\"itemListElement\":[{\"@type\":\"ListItem\",\"position\":1,\"name\":\"Strona g\u0142\u00f3wna\",\"item\":\"https:\/\/wurbex.com.pl\/ckz\/\"},{\"@type\":\"ListItem\",\"position\":2,\"name\":\"Sklep\",\"item\":\"https:\/\/wurbex.com.pl\/ckz\/sklep\/\"},{\"@type\":\"ListItem\",\"position\":3,\"name\":\"Szkolenie w zakresie metod prowadzenia instrukta\u017cu stanowiskowego bhp\"}]}]}<\/script>\n<!-- \/ Yoast SEO plugin. -->","yoast_head_json":{"title":"Szkolenie w zakresie metod prowadzenia instrukta\u017cu stanowiskowego bhp - WURBEX CKZ","robots":{"index":"index","follow":"follow","max-snippet":"max-snippet:-1","max-image-preview":"max-image-preview:large","max-video-preview":"max-video-preview:-1"},"canonical":"https:\/\/wurbex.com.pl\/ckz\/produkt\/szkolenie-w-zakresie-metod-prowadzenia-instruktazu-stanowiskowego-bhp\/","og_locale":"pl_PL","og_type":"article","og_title":"Szkolenie w zakresie metod prowadzenia instrukta\u017cu stanowiskowego bhp - WURBEX CKZ","og_description":"Szkolenie w zakresie metod prowadzenia instrukta\u017cu stanowiskowego bhp formie e-learningowej.  Dost\u0119p do platformy e-learningowej aktywny jest przez 90 dni od daty pierwszego logowania z mo\u017cliwo\u015bci\u0105 darmowego przed\u0142u\u017cenia.  Po uko\u0144czeniu szkolenia uczestnik otrzymuje za\u015bwiadczenie MEN.","og_url":"https:\/\/wurbex.com.pl\/ckz\/produkt\/szkolenie-w-zakresie-metod-prowadzenia-instruktazu-stanowiskowego-bhp\/","og_site_name":"WURBEX CKZ","article_publisher":"https:\/\/www.facebook.com\/wurbex.ckz","article_modified_time":"2026-04-28T10:42:29+00:00","og_image":[{"width":1024,"height":390,"url":"https:\/\/wurbex.com.pl\/ckz\/wp-content\/uploads\/2022\/05\/METODYKA--1024x390.png","type":"image\/png"}],"twitter_card":"summary_large_image","twitter_misc":{"Szacowany czas czytania":"1 minuta"},"schema":{"@context":"https:\/\/schema.org","@graph":[{"@type":"Organization","@id":"https:\/\/wurbex.com.pl\/ckz\/#organization","name":"Centrum Kszta\u0142cenia Zawodowego WURBEX","url":"https:\/\/wurbex.com.pl\/ckz\/","sameAs":["https:\/\/www.facebook.com\/wurbex.ckz"],"logo":{"@type":"ImageObject","inLanguage":"pl-PL","@id":"https:\/\/wurbex.com.pl\/ckz\/#\/schema\/logo\/image\/","url":"https:\/\/wurbex.com.pl\/ckz\/wp-content\/uploads\/2022\/04\/LOGO-BEZ-TLA.png","contentUrl":"https:\/\/wurbex.com.pl\/ckz\/wp-content\/uploads\/2022\/04\/LOGO-BEZ-TLA.png","width":500,"height":500,"caption":"Centrum Kszta\u0142cenia Zawodowego WURBEX"},"image":{"@id":"https:\/\/wurbex.com.pl\/ckz\/#\/schema\/logo\/image\/"}},{"@type":"WebSite","@id":"https:\/\/wurbex.com.pl\/ckz\/#website","url":"https:\/\/wurbex.com.pl\/ckz\/","name":"WURBEX CKZ","description":"Centrum Kszta\u0142cenia Zawodowego WURBEX Wadowice","publisher":{"@id":"https:\/\/wurbex.com.pl\/ckz\/#organization"},"potentialAction":[{"@type":"SearchAction","target":{"@type":"EntryPoint","urlTemplate":"https:\/\/wurbex.com.pl\/ckz\/?s={search_term_string}"},"query-input":"required name=search_term_string"}],"inLanguage":"pl-PL"},{"@type":"ImageObject","inLanguage":"pl-PL","@id":"https:\/\/wurbex.com.pl\/ckz\/produkt\/szkolenie-w-zakresie-metod-prowadzenia-instruktazu-stanowiskowego-bhp\/#primaryimage","url":"https:\/\/wurbex.com.pl\/ckz\/wp-content\/uploads\/2022\/05\/METODYKA-.png","contentUrl":"https:\/\/wurbex.com.pl\/ckz\/wp-content\/uploads\/2022\/05\/METODYKA-.png","width":2050,"height":780},{"@type":"WebPage","@id":"https:\/\/wurbex.com.pl\/ckz\/produkt\/szkolenie-w-zakresie-metod-prowadzenia-instruktazu-stanowiskowego-bhp\/#webpage","url":"https:\/\/wurbex.com.pl\/ckz\/produkt\/szkolenie-w-zakresie-metod-prowadzenia-instruktazu-stanowiskowego-bhp\/","name":"Szkolenie w zakresie metod prowadzenia instrukta\u017cu stanowiskowego bhp - WURBEX CKZ","isPartOf":{"@id":"https:\/\/wurbex.com.pl\/ckz\/#website"},"primaryImageOfPage":{"@id":"https:\/\/wurbex.com.pl\/ckz\/produkt\/szkolenie-w-zakresie-metod-prowadzenia-instruktazu-stanowiskowego-bhp\/#primaryimage"},"datePublished":"2022-05-07T15:03:32+00:00","dateModified":"2026-04-28T10:42:29+00:00","breadcrumb":{"@id":"https:\/\/wurbex.com.pl\/ckz\/produkt\/szkolenie-w-zakresie-metod-prowadzenia-instruktazu-stanowiskowego-bhp\/#breadcrumb"},"inLanguage":"pl-PL","potentialAction":[{"@type":"ReadAction","target":["https:\/\/wurbex.com.pl\/ckz\/produkt\/szkolenie-w-zakresie-metod-prowadzenia-instruktazu-stanowiskowego-bhp\/"]}]},{"@type":"BreadcrumbList","@id":"https:\/\/wurbex.com.pl\/ckz\/produkt\/szkolenie-w-zakresie-metod-prowadzenia-instruktazu-stanowiskowego-bhp\/#breadcrumb","itemListElement":[{"@type":"ListItem","position":1,"name":"Strona g\u0142\u00f3wna","item":"https:\/\/wurbex.com.pl\/ckz\/"},{"@type":"ListItem","position":2,"name":"Sklep","item":"https:\/\/wurbex.com.pl\/ckz\/sklep\/"},{"@type":"ListItem","position":3,"name":"Szkolenie w zakresie metod prowadzenia instrukta\u017cu stanowiskowego bhp"}]}]}},"_links":{"self":[{"href":"https:\/\/wurbex.com.pl\/ckz\/wp-json\/wp\/v2\/product\/1308"}],"collection":[{"href":"https:\/\/wurbex.com.pl\/ckz\/wp-json\/wp\/v2\/product"}],"about":[{"href":"https:\/\/wurbex.com.pl\/ckz\/wp-json\/wp\/v2\/types\/product"}],"replies":[{"embeddable":true,"href":"https:\/\/wurbex.com.pl\/ckz\/wp-json\/wp\/v2\/comments?post=1308"}],"wp:featuredmedia":[{"embeddable":true,"href":"https:\/\/wurbex.com.pl\/ckz\/wp-json\/wp\/v2\/media\/1310"}],"wp:attachment":[{"href":"https:\/\/wurbex.com.pl\/ckz\/wp-json\/wp\/v2\/media?parent=1308"}],"wp:term":[{"taxonomy":"product_cat","embeddable":true,"href":"https:\/\/wurbex.com.pl\/ckz\/wp-json\/wp\/v2\/product_cat?post=1308"},{"taxonomy":"product_tag","embeddable":true,"href":"https:\/\/wurbex.com.pl\/ckz\/wp-json\/wp\/v2\/product_tag?post=1308"}],"curies":[{"name":"wp","href":"https:\/\/api.w.org\/{rel}","templated":true}]}}