{"id":1314,"date":"2022-05-07T15:20:38","date_gmt":"2022-05-07T15:20:38","guid":{"rendered":"https:\/\/wurbex.com.pl\/ckz\/?post_type=product&#038;p=1314"},"modified":"2025-02-21T09:44:58","modified_gmt":"2025-02-21T09:44:58","slug":"szkolenie-okresowe-bhp-dla-pracodawcow-wykonujacych-zadania-sluzby-bezpieczenstwa-i-higieny-pracy","status":"publish","type":"product","link":"https:\/\/wurbex.com.pl\/ckz\/produkt\/szkolenie-okresowe-bhp-dla-pracodawcow-wykonujacych-zadania-sluzby-bezpieczenstwa-i-higieny-pracy\/","title":{"rendered":"Szkolenie okresowe bhp dla pracodawc\u00f3w wykonuj\u0105cych zadania s\u0142u\u017cby bezpiecze\u0144stwa i higieny pracy"},"content":{"rendered":"<p id=\"yui_3_17_2_1_1651936394113_995\" align=\"center\"><b>Szkolenie okresowe w dziedzinie bezpiecze\u0144stwa i higieny \u00a0pracy <\/b><\/p>\n<p align=\"center\"><b>dla <\/b><b>pracodawc\u00f3w wykonuj\u0105cych zadania s\u0142u\u017cby BHP<\/b><\/p>\n<p align=\"center\"><b>\u00a0<\/b><\/p>\n<p><strong>Celem szkolenia jest<\/strong> aktualizacja i uzupe\u0142nienie wiedzy i umiej\u0119tno\u015bci w\u00a0szczeg\u00f3lno\u015bci z zakresu:<\/p>\n<ul>\n<li>przepis\u00f3w prawnych dotycz\u0105cych bezpiecze\u0144stwa i higieny pracy,<\/li>\n<li>analizy i oceny zagro\u017ce\u0144 oraz metody oceny ryzyka zwi\u0105zanego z tymi zagro\u017ceniami,<\/li>\n<li>organizacja i metody kszta\u0142towania bezpiecznych i higienicznych warunk\u00f3w pacy, a tak\u017ce pomoc w rozwi\u0105zywaniu trudnych problem\u00f3w z dziedziny bezpiecze\u0144stwa i higieny pracy.<\/li>\n<\/ul>\n<p id=\"yui_3_17_2_1_1651936394113_1002\"><strong>Szkolenie jest przeznaczone dla<\/strong> pracodawc\u00f3w wykonuj\u0105cych zadania s\u0142u\u017cby bezpiecze\u0144stwa i higieny pracy.<\/p>\n","protected":false},"excerpt":{"rendered":"<p>Szkolenie okresowe bhp dla pracodawc\u00f3w wykonuj\u0105cych zadania s\u0142u\u017cby bezpiecze\u0144stwa i higieny pracy formie e-learningowej.<\/p>\n<p>Dost\u0119p do platformy e-learningowej aktywny jest przez 90 dni od daty pierwszego logowania z mo\u017cliwo\u015bci\u0105 darmowego przed\u0142u\u017cenia.<\/p>\n<p>Po uko\u0144czeniu szkolenia uczestnik otrzymuje za\u015bwiadczenie MEN.<\/p>\n","protected":false},"featured_media":1316,"comment_status":"closed","ping_status":"closed","template":"","meta":{"spay_email":""},"product_cat":[57],"product_tag":[67,72,80],"yoast_head":"<!-- This site is optimized with the Yoast SEO plugin v18.8 - https:\/\/yoast.com\/wordpress\/plugins\/seo\/ -->\n<title>Szkolenie okresowe bhp dla pracodawc\u00f3w wykonuj\u0105cych zadania s\u0142u\u017cby bezpiecze\u0144stwa i higieny pracy - WURBEX CKZ<\/title>\n<meta name=\"robots\" content=\"index, follow, max-snippet:-1, max-image-preview:large, max-video-preview:-1\" \/>\n<link rel=\"canonical\" href=\"https:\/\/wurbex.com.pl\/ckz\/produkt\/szkolenie-okresowe-bhp-dla-pracodawcow-wykonujacych-zadania-sluzby-bezpieczenstwa-i-higieny-pracy\/\" \/>\n<meta property=\"og:locale\" content=\"pl_PL\" \/>\n<meta property=\"og:type\" content=\"article\" \/>\n<meta property=\"og:title\" content=\"Szkolenie okresowe bhp dla pracodawc\u00f3w wykonuj\u0105cych zadania s\u0142u\u017cby bezpiecze\u0144stwa i higieny pracy - WURBEX CKZ\" \/>\n<meta property=\"og:description\" content=\"Szkolenie okresowe bhp dla pracodawc\u00f3w wykonuj\u0105cych zadania s\u0142u\u017cby bezpiecze\u0144stwa i higieny pracy formie e-learningowej.  Dost\u0119p do platformy e-learningowej aktywny jest przez 90 dni od daty pierwszego logowania z mo\u017cliwo\u015bci\u0105 darmowego przed\u0142u\u017cenia.  Po uko\u0144czeniu szkolenia uczestnik otrzymuje za\u015bwiadczenie MEN.\" \/>\n<meta property=\"og:url\" content=\"https:\/\/wurbex.com.pl\/ckz\/produkt\/szkolenie-okresowe-bhp-dla-pracodawcow-wykonujacych-zadania-sluzby-bezpieczenstwa-i-higieny-pracy\/\" \/>\n<meta property=\"og:site_name\" content=\"WURBEX CKZ\" \/>\n<meta property=\"article:publisher\" content=\"https:\/\/www.facebook.com\/wurbex.ckz\" \/>\n<meta property=\"article:modified_time\" content=\"2025-02-21T09:44:58+00:00\" \/>\n<meta property=\"og:image\" content=\"https:\/\/wurbex.com.pl\/ckz\/wp-content\/uploads\/2022\/05\/PRACODAWCY-PELNIACY-ZADANIA-SLUZBY-BHP-SK-1.png\" \/>\n\t<meta property=\"og:image:width\" content=\"2050\" \/>\n\t<meta property=\"og:image:height\" content=\"780\" \/>\n\t<meta property=\"og:image:type\" content=\"image\/png\" \/>\n<meta name=\"twitter:card\" content=\"summary_large_image\" \/>\n<meta name=\"twitter:label1\" content=\"Szacowany czas czytania\" \/>\n\t<meta name=\"twitter:data1\" content=\"1 minuta\" \/>\n<script type=\"application\/ld+json\" class=\"yoast-schema-graph\">{\"@context\":\"https:\/\/schema.org\",\"@graph\":[{\"@type\":\"Organization\",\"@id\":\"https:\/\/wurbex.com.pl\/ckz\/#organization\",\"name\":\"Centrum Kszta\u0142cenia Zawodowego WURBEX\",\"url\":\"https:\/\/wurbex.com.pl\/ckz\/\",\"sameAs\":[\"https:\/\/www.facebook.com\/wurbex.ckz\"],\"logo\":{\"@type\":\"ImageObject\",\"inLanguage\":\"pl-PL\",\"@id\":\"https:\/\/wurbex.com.pl\/ckz\/#\/schema\/logo\/image\/\",\"url\":\"https:\/\/wurbex.com.pl\/ckz\/wp-content\/uploads\/2022\/04\/LOGO-BEZ-TLA.png\",\"contentUrl\":\"https:\/\/wurbex.com.pl\/ckz\/wp-content\/uploads\/2022\/04\/LOGO-BEZ-TLA.png\",\"width\":500,\"height\":500,\"caption\":\"Centrum Kszta\u0142cenia Zawodowego WURBEX\"},\"image\":{\"@id\":\"https:\/\/wurbex.com.pl\/ckz\/#\/schema\/logo\/image\/\"}},{\"@type\":\"WebSite\",\"@id\":\"https:\/\/wurbex.com.pl\/ckz\/#website\",\"url\":\"https:\/\/wurbex.com.pl\/ckz\/\",\"name\":\"WURBEX CKZ\",\"description\":\"Centrum Kszta\u0142cenia Zawodowego WURBEX Wadowice\",\"publisher\":{\"@id\":\"https:\/\/wurbex.com.pl\/ckz\/#organization\"},\"potentialAction\":[{\"@type\":\"SearchAction\",\"target\":{\"@type\":\"EntryPoint\",\"urlTemplate\":\"https:\/\/wurbex.com.pl\/ckz\/?s={search_term_string}\"},\"query-input\":\"required name=search_term_string\"}],\"inLanguage\":\"pl-PL\"},{\"@type\":\"ImageObject\",\"inLanguage\":\"pl-PL\",\"@id\":\"https:\/\/wurbex.com.pl\/ckz\/produkt\/szkolenie-okresowe-bhp-dla-pracodawcow-wykonujacych-zadania-sluzby-bezpieczenstwa-i-higieny-pracy\/#primaryimage\",\"url\":\"https:\/\/wurbex.com.pl\/ckz\/wp-content\/uploads\/2022\/05\/PRACODAWCY-PELNIACY-ZADANIA-SLUZBY-BHP-SK-1.png\",\"contentUrl\":\"https:\/\/wurbex.com.pl\/ckz\/wp-content\/uploads\/2022\/05\/PRACODAWCY-PELNIACY-ZADANIA-SLUZBY-BHP-SK-1.png\",\"width\":2050,\"height\":780},{\"@type\":\"WebPage\",\"@id\":\"https:\/\/wurbex.com.pl\/ckz\/produkt\/szkolenie-okresowe-bhp-dla-pracodawcow-wykonujacych-zadania-sluzby-bezpieczenstwa-i-higieny-pracy\/#webpage\",\"url\":\"https:\/\/wurbex.com.pl\/ckz\/produkt\/szkolenie-okresowe-bhp-dla-pracodawcow-wykonujacych-zadania-sluzby-bezpieczenstwa-i-higieny-pracy\/\",\"name\":\"Szkolenie okresowe bhp dla pracodawc\u00f3w wykonuj\u0105cych zadania s\u0142u\u017cby bezpiecze\u0144stwa i higieny pracy - WURBEX CKZ\",\"isPartOf\":{\"@id\":\"https:\/\/wurbex.com.pl\/ckz\/#website\"},\"primaryImageOfPage\":{\"@id\":\"https:\/\/wurbex.com.pl\/ckz\/produkt\/szkolenie-okresowe-bhp-dla-pracodawcow-wykonujacych-zadania-sluzby-bezpieczenstwa-i-higieny-pracy\/#primaryimage\"},\"datePublished\":\"2022-05-07T15:20:38+00:00\",\"dateModified\":\"2025-02-21T09:44:58+00:00\",\"breadcrumb\":{\"@id\":\"https:\/\/wurbex.com.pl\/ckz\/produkt\/szkolenie-okresowe-bhp-dla-pracodawcow-wykonujacych-zadania-sluzby-bezpieczenstwa-i-higieny-pracy\/#breadcrumb\"},\"inLanguage\":\"pl-PL\",\"potentialAction\":[{\"@type\":\"ReadAction\",\"target\":[\"https:\/\/wurbex.com.pl\/ckz\/produkt\/szkolenie-okresowe-bhp-dla-pracodawcow-wykonujacych-zadania-sluzby-bezpieczenstwa-i-higieny-pracy\/\"]}]},{\"@type\":\"BreadcrumbList\",\"@id\":\"https:\/\/wurbex.com.pl\/ckz\/produkt\/szkolenie-okresowe-bhp-dla-pracodawcow-wykonujacych-zadania-sluzby-bezpieczenstwa-i-higieny-pracy\/#breadcrumb\",\"itemListElement\":[{\"@type\":\"ListItem\",\"position\":1,\"name\":\"Strona g\u0142\u00f3wna\",\"item\":\"https:\/\/wurbex.com.pl\/ckz\/\"},{\"@type\":\"ListItem\",\"position\":2,\"name\":\"Sklep\",\"item\":\"https:\/\/wurbex.com.pl\/ckz\/sklep\/\"},{\"@type\":\"ListItem\",\"position\":3,\"name\":\"Szkolenie okresowe bhp dla pracodawc\u00f3w wykonuj\u0105cych zadania s\u0142u\u017cby bezpiecze\u0144stwa i higieny pracy\"}]}]}<\/script>\n<!-- \/ Yoast SEO plugin. -->","yoast_head_json":{"title":"Szkolenie okresowe bhp dla pracodawc\u00f3w wykonuj\u0105cych zadania s\u0142u\u017cby bezpiecze\u0144stwa i higieny pracy - WURBEX CKZ","robots":{"index":"index","follow":"follow","max-snippet":"max-snippet:-1","max-image-preview":"max-image-preview:large","max-video-preview":"max-video-preview:-1"},"canonical":"https:\/\/wurbex.com.pl\/ckz\/produkt\/szkolenie-okresowe-bhp-dla-pracodawcow-wykonujacych-zadania-sluzby-bezpieczenstwa-i-higieny-pracy\/","og_locale":"pl_PL","og_type":"article","og_title":"Szkolenie okresowe bhp dla pracodawc\u00f3w wykonuj\u0105cych zadania s\u0142u\u017cby bezpiecze\u0144stwa i higieny pracy - WURBEX CKZ","og_description":"Szkolenie okresowe bhp dla pracodawc\u00f3w wykonuj\u0105cych zadania s\u0142u\u017cby bezpiecze\u0144stwa i higieny pracy formie e-learningowej.  Dost\u0119p do platformy e-learningowej aktywny jest przez 90 dni od daty pierwszego logowania z mo\u017cliwo\u015bci\u0105 darmowego przed\u0142u\u017cenia.  Po uko\u0144czeniu szkolenia uczestnik otrzymuje za\u015bwiadczenie MEN.","og_url":"https:\/\/wurbex.com.pl\/ckz\/produkt\/szkolenie-okresowe-bhp-dla-pracodawcow-wykonujacych-zadania-sluzby-bezpieczenstwa-i-higieny-pracy\/","og_site_name":"WURBEX CKZ","article_publisher":"https:\/\/www.facebook.com\/wurbex.ckz","article_modified_time":"2025-02-21T09:44:58+00:00","og_image":[{"width":2050,"height":780,"url":"https:\/\/wurbex.com.pl\/ckz\/wp-content\/uploads\/2022\/05\/PRACODAWCY-PELNIACY-ZADANIA-SLUZBY-BHP-SK-1.png","type":"image\/png"}],"twitter_card":"summary_large_image","twitter_misc":{"Szacowany czas czytania":"1 minuta"},"schema":{"@context":"https:\/\/schema.org","@graph":[{"@type":"Organization","@id":"https:\/\/wurbex.com.pl\/ckz\/#organization","name":"Centrum Kszta\u0142cenia Zawodowego WURBEX","url":"https:\/\/wurbex.com.pl\/ckz\/","sameAs":["https:\/\/www.facebook.com\/wurbex.ckz"],"logo":{"@type":"ImageObject","inLanguage":"pl-PL","@id":"https:\/\/wurbex.com.pl\/ckz\/#\/schema\/logo\/image\/","url":"https:\/\/wurbex.com.pl\/ckz\/wp-content\/uploads\/2022\/04\/LOGO-BEZ-TLA.png","contentUrl":"https:\/\/wurbex.com.pl\/ckz\/wp-content\/uploads\/2022\/04\/LOGO-BEZ-TLA.png","width":500,"height":500,"caption":"Centrum Kszta\u0142cenia Zawodowego WURBEX"},"image":{"@id":"https:\/\/wurbex.com.pl\/ckz\/#\/schema\/logo\/image\/"}},{"@type":"WebSite","@id":"https:\/\/wurbex.com.pl\/ckz\/#website","url":"https:\/\/wurbex.com.pl\/ckz\/","name":"WURBEX CKZ","description":"Centrum Kszta\u0142cenia Zawodowego WURBEX Wadowice","publisher":{"@id":"https:\/\/wurbex.com.pl\/ckz\/#organization"},"potentialAction":[{"@type":"SearchAction","target":{"@type":"EntryPoint","urlTemplate":"https:\/\/wurbex.com.pl\/ckz\/?s={search_term_string}"},"query-input":"required name=search_term_string"}],"inLanguage":"pl-PL"},{"@type":"ImageObject","inLanguage":"pl-PL","@id":"https:\/\/wurbex.com.pl\/ckz\/produkt\/szkolenie-okresowe-bhp-dla-pracodawcow-wykonujacych-zadania-sluzby-bezpieczenstwa-i-higieny-pracy\/#primaryimage","url":"https:\/\/wurbex.com.pl\/ckz\/wp-content\/uploads\/2022\/05\/PRACODAWCY-PELNIACY-ZADANIA-SLUZBY-BHP-SK-1.png","contentUrl":"https:\/\/wurbex.com.pl\/ckz\/wp-content\/uploads\/2022\/05\/PRACODAWCY-PELNIACY-ZADANIA-SLUZBY-BHP-SK-1.png","width":2050,"height":780},{"@type":"WebPage","@id":"https:\/\/wurbex.com.pl\/ckz\/produkt\/szkolenie-okresowe-bhp-dla-pracodawcow-wykonujacych-zadania-sluzby-bezpieczenstwa-i-higieny-pracy\/#webpage","url":"https:\/\/wurbex.com.pl\/ckz\/produkt\/szkolenie-okresowe-bhp-dla-pracodawcow-wykonujacych-zadania-sluzby-bezpieczenstwa-i-higieny-pracy\/","name":"Szkolenie okresowe bhp dla pracodawc\u00f3w wykonuj\u0105cych zadania s\u0142u\u017cby bezpiecze\u0144stwa i higieny pracy - WURBEX CKZ","isPartOf":{"@id":"https:\/\/wurbex.com.pl\/ckz\/#website"},"primaryImageOfPage":{"@id":"https:\/\/wurbex.com.pl\/ckz\/produkt\/szkolenie-okresowe-bhp-dla-pracodawcow-wykonujacych-zadania-sluzby-bezpieczenstwa-i-higieny-pracy\/#primaryimage"},"datePublished":"2022-05-07T15:20:38+00:00","dateModified":"2025-02-21T09:44:58+00:00","breadcrumb":{"@id":"https:\/\/wurbex.com.pl\/ckz\/produkt\/szkolenie-okresowe-bhp-dla-pracodawcow-wykonujacych-zadania-sluzby-bezpieczenstwa-i-higieny-pracy\/#breadcrumb"},"inLanguage":"pl-PL","potentialAction":[{"@type":"ReadAction","target":["https:\/\/wurbex.com.pl\/ckz\/produkt\/szkolenie-okresowe-bhp-dla-pracodawcow-wykonujacych-zadania-sluzby-bezpieczenstwa-i-higieny-pracy\/"]}]},{"@type":"BreadcrumbList","@id":"https:\/\/wurbex.com.pl\/ckz\/produkt\/szkolenie-okresowe-bhp-dla-pracodawcow-wykonujacych-zadania-sluzby-bezpieczenstwa-i-higieny-pracy\/#breadcrumb","itemListElement":[{"@type":"ListItem","position":1,"name":"Strona g\u0142\u00f3wna","item":"https:\/\/wurbex.com.pl\/ckz\/"},{"@type":"ListItem","position":2,"name":"Sklep","item":"https:\/\/wurbex.com.pl\/ckz\/sklep\/"},{"@type":"ListItem","position":3,"name":"Szkolenie okresowe bhp dla pracodawc\u00f3w wykonuj\u0105cych zadania s\u0142u\u017cby bezpiecze\u0144stwa i higieny pracy"}]}]}},"_links":{"self":[{"href":"https:\/\/wurbex.com.pl\/ckz\/wp-json\/wp\/v2\/product\/1314"}],"collection":[{"href":"https:\/\/wurbex.com.pl\/ckz\/wp-json\/wp\/v2\/product"}],"about":[{"href":"https:\/\/wurbex.com.pl\/ckz\/wp-json\/wp\/v2\/types\/product"}],"replies":[{"embeddable":true,"href":"https:\/\/wurbex.com.pl\/ckz\/wp-json\/wp\/v2\/comments?post=1314"}],"wp:featuredmedia":[{"embeddable":true,"href":"https:\/\/wurbex.com.pl\/ckz\/wp-json\/wp\/v2\/media\/1316"}],"wp:attachment":[{"href":"https:\/\/wurbex.com.pl\/ckz\/wp-json\/wp\/v2\/media?parent=1314"}],"wp:term":[{"taxonomy":"product_cat","embeddable":true,"href":"https:\/\/wurbex.com.pl\/ckz\/wp-json\/wp\/v2\/product_cat?post=1314"},{"taxonomy":"product_tag","embeddable":true,"href":"https:\/\/wurbex.com.pl\/ckz\/wp-json\/wp\/v2\/product_tag?post=1314"}],"curies":[{"name":"wp","href":"https:\/\/api.w.org\/{rel}","templated":true}]}}